{"id":592,"date":"2024-05-01T20:41:19","date_gmt":"2024-05-02T00:41:19","guid":{"rendered":"https:\/\/audiovibe.cl\/?post_type=product&#038;p=592"},"modified":"2025-06-25T22:09:24","modified_gmt":"2025-06-26T02:09:24","slug":"soundpeats-a8","status":"publish","type":"product","link":"https:\/\/audiovibe.cl\/?product=soundpeats-a8","title":{"rendered":"SoundPEATS A8"},"content":{"rendered":"<p>La SoundPEATS A8 ANC son auriculares de alta calidad que ofrece una serie de caracter\u00edsticas t\u00e9cnicas llamativas. Equipados con un controlador din\u00e1mico de 40mm, proporcionan un sonido est\u00e9reo extra claro y un fuerte bajo. Cuenta con una configuraci\u00f3n de conexi\u00f3n multipunto que permite la conexi\u00f3n simult\u00e1nea a dos dispositivos, un modo de juego de 65ms para una y una autonom\u00eda de hasta 70 horas. Por otra parte, tiene un alcance de hasta 32 dB y un rango de frecuencia amplio de 40Hz a 600Hz.<\/p>\n<p>Driver de 40mm<br \/>\nEl controlador din\u00e1mico de 40mm de la SoundPEATS A8 ANC proporciona un sonido est\u00e9reo extra claro, que adem\u00e1s se combina con su cancelaci\u00f3n activa de ruido.<\/p>\n<p>Conexi\u00f3n Multipunto y Bluetooth<br \/>\nLos SoundPEATS A8 ANC tiene la capacidad de conectarse simult\u00e1neamente a dos dispositivos a trav\u00e9s de Bluetooth. Esta caracter\u00edstica de conexi\u00f3n multipunto permite al usuario cambiar f\u00e1cilmente entre diferentes fuentes de audio sin tener que desconectar y volver a conectar el dispositivo.<\/p>\n<p>Latencia de 65ms para juegos<br \/>\nEl modo de juego de 65ms de estos auriculares SoundPEATS ofrecen una experiencia de juego optimizada. Este modo reduce la latencia, lo que resulta en una sincronizaci\u00f3n de audio y video m\u00e1s precisa durante el juego.<\/p>\n<p>70 horas de autonom\u00eda<br \/>\nTienen una duraci\u00f3n de bater\u00eda de hasta 70 horas. Esta duraci\u00f3n puede variar dependiendo del uso y la configuraci\u00f3n del dispositivo. Tiempo calculado sin ANC y volumen al 60%.<\/p>\n<p>Alcance de hasta 32 dB y Rango de frecuencia amplio<br \/>\nCancelaci\u00f3n Activa de Ruido hasta los 32 dB con un rango de frecuencia amplio de 40Hz a 600Hz. Esto permite una reproducci\u00f3n de sonido de calidad en una variedad de entornos.<\/p>\n<p>Especificaciones SoundPEATS A8 ANC Negro &#8211; Auriculares Bluetooth:<br \/>\nMarca: SoundPEATS<br \/>\nModelo:A8<br \/>\nBluetooth<br \/>\nTiempo Total de reproducci\u00f3n: hasta 70 horas<br \/>\nDise\u00f1o: Diadema<br \/>\nAjuste autom\u00e1tico:Multipunto<\/p>\n<p>Caracter\u00edsticas:<br \/>\nEst\u00e9reo<br \/>\nTWS<br \/>\nCancelaci\u00f3n de ruido activa<br \/>\nConexi\u00f3n autom\u00e1tica<br \/>\nCarga: Tipo C<\/p>\n<p>Contenido del paquete:<br \/>\n1 x SoundPEATS A8 ANC Negro &#8211; Auriculares Bluetooth<br \/>\n1 x Cable USB<br \/>\n1 x Manual<\/p>\n","protected":false},"excerpt":{"rendered":"<p>La SoundPEATS A8 ANC son auriculares de alta calidad que ofrece una serie de caracter\u00edsticas t\u00e9cnicas llamativas. Equipados con un controlador din\u00e1mico de 40mm, proporcionan un sonido est\u00e9reo extra claro y un fuerte bajo. Cuenta con una configuraci\u00f3n de conexi\u00f3n multipunto que permite la conexi\u00f3n simult\u00e1nea a dos dispositivos, un modo de juego de 65ms [&hellip;]<\/p>\n","protected":false},"featured_media":593,"comment_status":"open","ping_status":"closed","template":"","meta":[],"product_cat":[51],"product_tag":[],"class_list":{"0":"post-592","1":"product","2":"type-product","3":"status-publish","4":"has-post-thumbnail","6":"product_cat-headphones","8":"first","9":"instock","10":"shipping-taxable","11":"purchasable","12":"product-type-simple"},"yoast_head":"<!-- This site is optimized with the Yoast SEO plugin v23.9 - https:\/\/yoast.com\/wordpress\/plugins\/seo\/ -->\n<title>SoundPEATS A8 - Audio Vibe<\/title>\n<meta name=\"robots\" content=\"index, follow, max-snippet:-1, max-image-preview:large, max-video-preview:-1\" \/>\n<link rel=\"canonical\" href=\"https:\/\/audiovibe.cl\/?product=soundpeats-a8\" \/>\n<meta property=\"og:locale\" content=\"es_ES\" \/>\n<meta property=\"og:type\" content=\"article\" \/>\n<meta property=\"og:title\" content=\"SoundPEATS A8 - Audio Vibe\" \/>\n<meta property=\"og:description\" content=\"La SoundPEATS A8 ANC son auriculares de alta calidad que ofrece una serie de caracter\u00edsticas t\u00e9cnicas llamativas. Equipados con un controlador din\u00e1mico de 40mm, proporcionan un sonido est\u00e9reo extra claro y un fuerte bajo. Cuenta con una configuraci\u00f3n de conexi\u00f3n multipunto que permite la conexi\u00f3n simult\u00e1nea a dos dispositivos, un modo de juego de 65ms [&hellip;]\" \/>\n<meta property=\"og:url\" content=\"https:\/\/audiovibe.cl\/?product=soundpeats-a8\" \/>\n<meta property=\"og:site_name\" content=\"Audio Vibe\" \/>\n<meta property=\"article:modified_time\" content=\"2025-06-26T02:09:24+00:00\" \/>\n<meta property=\"og:image\" content=\"http:\/\/audiovibe.cl\/wp-content\/uploads\/2024\/05\/Main-Picture-1-1.jpg\" \/>\n\t<meta property=\"og:image:width\" content=\"1500\" \/>\n\t<meta property=\"og:image:height\" content=\"1500\" \/>\n\t<meta property=\"og:image:type\" content=\"image\/jpeg\" \/>\n<meta name=\"twitter:card\" content=\"summary_large_image\" \/>\n<meta name=\"twitter:label1\" content=\"Tiempo estimado de lectura\" \/>\n\t<meta name=\"twitter:data1\" content=\"2 minutos\" \/>\n<script type=\"application\/ld+json\" class=\"yoast-schema-graph\">{\"@context\":\"https:\/\/schema.org\",\"@graph\":[{\"@type\":\"WebPage\",\"@id\":\"https:\/\/audiovibe.cl\/?product=soundpeats-a8\",\"url\":\"https:\/\/audiovibe.cl\/?product=soundpeats-a8\",\"name\":\"SoundPEATS A8 - Audio Vibe\",\"isPartOf\":{\"@id\":\"https:\/\/audiovibe.cl\/#website\"},\"primaryImageOfPage\":{\"@id\":\"https:\/\/audiovibe.cl\/?product=soundpeats-a8#primaryimage\"},\"image\":{\"@id\":\"https:\/\/audiovibe.cl\/?product=soundpeats-a8#primaryimage\"},\"thumbnailUrl\":\"https:\/\/i0.wp.com\/audiovibe.cl\/wp-content\/uploads\/2024\/05\/Main-Picture-1-1.jpg?fit=1500%2C1500&ssl=1\",\"datePublished\":\"2024-05-02T00:41:19+00:00\",\"dateModified\":\"2025-06-26T02:09:24+00:00\",\"breadcrumb\":{\"@id\":\"https:\/\/audiovibe.cl\/?product=soundpeats-a8#breadcrumb\"},\"inLanguage\":\"es-CL\",\"potentialAction\":[{\"@type\":\"ReadAction\",\"target\":[\"https:\/\/audiovibe.cl\/?product=soundpeats-a8\"]}]},{\"@type\":\"ImageObject\",\"inLanguage\":\"es-CL\",\"@id\":\"https:\/\/audiovibe.cl\/?product=soundpeats-a8#primaryimage\",\"url\":\"https:\/\/i0.wp.com\/audiovibe.cl\/wp-content\/uploads\/2024\/05\/Main-Picture-1-1.jpg?fit=1500%2C1500&ssl=1\",\"contentUrl\":\"https:\/\/i0.wp.com\/audiovibe.cl\/wp-content\/uploads\/2024\/05\/Main-Picture-1-1.jpg?fit=1500%2C1500&ssl=1\",\"width\":1500,\"height\":1500},{\"@type\":\"BreadcrumbList\",\"@id\":\"https:\/\/audiovibe.cl\/?product=soundpeats-a8#breadcrumb\",\"itemListElement\":[{\"@type\":\"ListItem\",\"position\":1,\"name\":\"Portada\",\"item\":\"https:\/\/audiovibe.cl\/\"},{\"@type\":\"ListItem\",\"position\":2,\"name\":\"Tienda\",\"item\":\"https:\/\/audiovibe.cl\/?page_id=6\"},{\"@type\":\"ListItem\",\"position\":3,\"name\":\"SoundPEATS A8\"}]},{\"@type\":\"WebSite\",\"@id\":\"https:\/\/audiovibe.cl\/#website\",\"url\":\"https:\/\/audiovibe.cl\/\",\"name\":\"Audio Vibe\",\"description\":\"Tu tienda de aud\u00edfonos\",\"publisher\":{\"@id\":\"https:\/\/audiovibe.cl\/#organization\"},\"potentialAction\":[{\"@type\":\"SearchAction\",\"target\":{\"@type\":\"EntryPoint\",\"urlTemplate\":\"https:\/\/audiovibe.cl\/?s={search_term_string}\"},\"query-input\":{\"@type\":\"PropertyValueSpecification\",\"valueRequired\":true,\"valueName\":\"search_term_string\"}}],\"inLanguage\":\"es-CL\"},{\"@type\":\"Organization\",\"@id\":\"https:\/\/audiovibe.cl\/#organization\",\"name\":\"Audio Vibe SpA\",\"url\":\"https:\/\/audiovibe.cl\/\",\"logo\":{\"@type\":\"ImageObject\",\"inLanguage\":\"es-CL\",\"@id\":\"https:\/\/audiovibe.cl\/#\/schema\/logo\/image\/\",\"url\":\"https:\/\/i0.wp.com\/audiovibe.cl\/wp-content\/uploads\/2023\/09\/Vibe-1.png?fit=149%2C64&ssl=1\",\"contentUrl\":\"https:\/\/i0.wp.com\/audiovibe.cl\/wp-content\/uploads\/2023\/09\/Vibe-1.png?fit=149%2C64&ssl=1\",\"width\":149,\"height\":64,\"caption\":\"Audio Vibe SpA\"},\"image\":{\"@id\":\"https:\/\/audiovibe.cl\/#\/schema\/logo\/image\/\"},\"sameAs\":[\"http:\/\/instagram.com\/audiovibecl\/\"]}]}<\/script>\n<!-- \/ Yoast SEO plugin. -->","yoast_head_json":{"title":"SoundPEATS A8 - Audio Vibe","robots":{"index":"index","follow":"follow","max-snippet":"max-snippet:-1","max-image-preview":"max-image-preview:large","max-video-preview":"max-video-preview:-1"},"canonical":"https:\/\/audiovibe.cl\/?product=soundpeats-a8","og_locale":"es_ES","og_type":"article","og_title":"SoundPEATS A8 - Audio Vibe","og_description":"La SoundPEATS A8 ANC son auriculares de alta calidad que ofrece una serie de caracter\u00edsticas t\u00e9cnicas llamativas. Equipados con un controlador din\u00e1mico de 40mm, proporcionan un sonido est\u00e9reo extra claro y un fuerte bajo. Cuenta con una configuraci\u00f3n de conexi\u00f3n multipunto que permite la conexi\u00f3n simult\u00e1nea a dos dispositivos, un modo de juego de 65ms [&hellip;]","og_url":"https:\/\/audiovibe.cl\/?product=soundpeats-a8","og_site_name":"Audio Vibe","article_modified_time":"2025-06-26T02:09:24+00:00","og_image":[{"width":1500,"height":1500,"url":"http:\/\/audiovibe.cl\/wp-content\/uploads\/2024\/05\/Main-Picture-1-1.jpg","type":"image\/jpeg"}],"twitter_card":"summary_large_image","twitter_misc":{"Tiempo estimado de lectura":"2 minutos"},"schema":{"@context":"https:\/\/schema.org","@graph":[{"@type":"WebPage","@id":"https:\/\/audiovibe.cl\/?product=soundpeats-a8","url":"https:\/\/audiovibe.cl\/?product=soundpeats-a8","name":"SoundPEATS A8 - Audio Vibe","isPartOf":{"@id":"https:\/\/audiovibe.cl\/#website"},"primaryImageOfPage":{"@id":"https:\/\/audiovibe.cl\/?product=soundpeats-a8#primaryimage"},"image":{"@id":"https:\/\/audiovibe.cl\/?product=soundpeats-a8#primaryimage"},"thumbnailUrl":"https:\/\/i0.wp.com\/audiovibe.cl\/wp-content\/uploads\/2024\/05\/Main-Picture-1-1.jpg?fit=1500%2C1500&ssl=1","datePublished":"2024-05-02T00:41:19+00:00","dateModified":"2025-06-26T02:09:24+00:00","breadcrumb":{"@id":"https:\/\/audiovibe.cl\/?product=soundpeats-a8#breadcrumb"},"inLanguage":"es-CL","potentialAction":[{"@type":"ReadAction","target":["https:\/\/audiovibe.cl\/?product=soundpeats-a8"]}]},{"@type":"ImageObject","inLanguage":"es-CL","@id":"https:\/\/audiovibe.cl\/?product=soundpeats-a8#primaryimage","url":"https:\/\/i0.wp.com\/audiovibe.cl\/wp-content\/uploads\/2024\/05\/Main-Picture-1-1.jpg?fit=1500%2C1500&ssl=1","contentUrl":"https:\/\/i0.wp.com\/audiovibe.cl\/wp-content\/uploads\/2024\/05\/Main-Picture-1-1.jpg?fit=1500%2C1500&ssl=1","width":1500,"height":1500},{"@type":"BreadcrumbList","@id":"https:\/\/audiovibe.cl\/?product=soundpeats-a8#breadcrumb","itemListElement":[{"@type":"ListItem","position":1,"name":"Portada","item":"https:\/\/audiovibe.cl\/"},{"@type":"ListItem","position":2,"name":"Tienda","item":"https:\/\/audiovibe.cl\/?page_id=6"},{"@type":"ListItem","position":3,"name":"SoundPEATS A8"}]},{"@type":"WebSite","@id":"https:\/\/audiovibe.cl\/#website","url":"https:\/\/audiovibe.cl\/","name":"Audio Vibe","description":"Tu tienda de aud\u00edfonos","publisher":{"@id":"https:\/\/audiovibe.cl\/#organization"},"potentialAction":[{"@type":"SearchAction","target":{"@type":"EntryPoint","urlTemplate":"https:\/\/audiovibe.cl\/?s={search_term_string}"},"query-input":{"@type":"PropertyValueSpecification","valueRequired":true,"valueName":"search_term_string"}}],"inLanguage":"es-CL"},{"@type":"Organization","@id":"https:\/\/audiovibe.cl\/#organization","name":"Audio Vibe SpA","url":"https:\/\/audiovibe.cl\/","logo":{"@type":"ImageObject","inLanguage":"es-CL","@id":"https:\/\/audiovibe.cl\/#\/schema\/logo\/image\/","url":"https:\/\/i0.wp.com\/audiovibe.cl\/wp-content\/uploads\/2023\/09\/Vibe-1.png?fit=149%2C64&ssl=1","contentUrl":"https:\/\/i0.wp.com\/audiovibe.cl\/wp-content\/uploads\/2023\/09\/Vibe-1.png?fit=149%2C64&ssl=1","width":149,"height":64,"caption":"Audio Vibe SpA"},"image":{"@id":"https:\/\/audiovibe.cl\/#\/schema\/logo\/image\/"},"sameAs":["http:\/\/instagram.com\/audiovibecl\/"]}]}},"jetpack_sharing_enabled":true,"_links":{"self":[{"href":"https:\/\/audiovibe.cl\/index.php?rest_route=\/wp\/v2\/product\/592","targetHints":{"allow":["GET"]}}],"collection":[{"href":"https:\/\/audiovibe.cl\/index.php?rest_route=\/wp\/v2\/product"}],"about":[{"href":"https:\/\/audiovibe.cl\/index.php?rest_route=\/wp\/v2\/types\/product"}],"replies":[{"embeddable":true,"href":"https:\/\/audiovibe.cl\/index.php?rest_route=%2Fwp%2Fv2%2Fcomments&post=592"}],"wp:featuredmedia":[{"embeddable":true,"href":"https:\/\/audiovibe.cl\/index.php?rest_route=\/wp\/v2\/media\/593"}],"wp:attachment":[{"href":"https:\/\/audiovibe.cl\/index.php?rest_route=%2Fwp%2Fv2%2Fmedia&parent=592"}],"wp:term":[{"taxonomy":"product_cat","embeddable":true,"href":"https:\/\/audiovibe.cl\/index.php?rest_route=%2Fwp%2Fv2%2Fproduct_cat&post=592"},{"taxonomy":"product_tag","embeddable":true,"href":"https:\/\/audiovibe.cl\/index.php?rest_route=%2Fwp%2Fv2%2Fproduct_tag&post=592"}],"curies":[{"name":"wp","href":"https:\/\/api.w.org\/{rel}","templated":true}]}}