{"id":575,"date":"2024-05-01T16:52:34","date_gmt":"2024-05-01T20:52:34","guid":{"rendered":"https:\/\/audiovibe.cl\/?post_type=product&#038;p=575"},"modified":"2025-06-25T22:09:34","modified_gmt":"2025-06-26T02:09:34","slug":"ortizan-x10b","status":"publish","type":"product","link":"https:\/\/audiovibe.cl\/?product=ortizan-x10b","title":{"rendered":"Ortizan X10B"},"content":{"rendered":"<ul class=\"a-unordered-list a-vertical a-spacing-mini\">\n<li class=\"a-spacing-mini\"><span class=\"a-list-item\">Sonido est\u00e9reo de alta fidelidad y emparejamiento doble: El parlante Bluetooth Ortizan est\u00e1 equipado con un parlante con controladores de audio est\u00e9reo de 24\u00a0W (2\u00a0x\u00a012\u00a0W), un procesador de se\u00f1al digital avanzado y dos radiadores pasivos para refuerzo de graves en exteriores, que emite agudos n\u00edtidos, medios detallados y graves especialmente mejorados a cualquier volumen. Puedes comprar dos parlantes al mismo tiempo para realmente disfrutar del sonido envolvente de una sala de cine utilizando la funci\u00f3n de emparejamiento doble; que es una experiencia auditiva realmente inigualable. <\/span><\/li>\n<li class=\"a-spacing-mini\"><span class=\"a-list-item\">Luz colorida RGB: Los parlantes inal\u00e1mbricos, con led y Bluetooth, no solo tienen un parlante, sino tambi\u00e9n una luz tem\u00e1tica nocturna \u00fanica, que ofrece diferentes temas que cambian de color. Utilizando el parlante Bluetooth de Ortizan, tienes un espect\u00e1culo de luz en colores del arco\u00edris reinventado que pulsa, se sincroniza y brilla al ritmo de tu m\u00fasica. Mientras disfrutas la m\u00fasica, las luces degradadas realmente te dar\u00e1n un ambiente de fiesta. Con la luz tem\u00e1tica nocturna, puedes usarla como una luz led sin reproducir m\u00fasica. <\/span><\/li>\n<li class=\"a-spacing-mini\"><span class=\"a-list-item\">Protecci\u00f3n IPX7\u00a0100\u00a0%\u00a0impermeable: la protecci\u00f3n a prueba de agua IPX7 protege contra la lluvia, el polvo, la nieve y los derrames, lo que hace que el parlante para exteriores Ortizan incluso pueda sumergirse completamente hasta 3\u00a0pies durante aproximadamente 30\u00a0minutos bajo el agua, perfecto para ducharse, caminar y acampar. No te preocupes por el tiempo, las condiciones exteriores ni por ser el roquero de tu viaje. <\/span><\/li>\n<li class=\"a-spacing-mini\"><span class=\"a-list-item\">Hasta 30\u00a0horas de reproducci\u00f3n: El parlante Bluetooth port\u00e1til cuenta con un insuperable tiempo de reproducci\u00f3n de m\u00fasica continua de 30\u00a0horas (alrededor de 65\u00a0dB) o tiempo para realizar llamadas (micr\u00f3fono incorporado), disfruta de la m\u00fasica de d\u00eda a noche, \u00a1nunca te detengas! <\/span><\/li>\n<li class=\"a-spacing-mini\"><span class=\"a-list-item\">Se\u00f1al Bluetooth 5.3 mejorada: nuestro altavoz Bluetooth inal\u00e1mbrico puede conectar normalmente el dispositivo desde 66\u00a0pies de distancia sin obst\u00e1culos, incluso en condiciones dif\u00edciles, y la se\u00f1al no se ve perturbada. El chip Bluetooth 5.3 lee f\u00e1cilmente la lista de reproducci\u00f3n de m\u00fasica y conecta cualquier dispositivo, como un smartphone, un televisor o una laptop.<\/span><\/li>\n<\/ul>\n","protected":false},"excerpt":{"rendered":"<p>Sonido est\u00e9reo de alta fidelidad y emparejamiento doble: El parlante Bluetooth Ortizan est\u00e1 equipado con un parlante con controladores de audio est\u00e9reo de 24\u00a0W (2\u00a0x\u00a012\u00a0W), un procesador de se\u00f1al digital avanzado y dos radiadores pasivos para refuerzo de graves en exteriores, que emite agudos n\u00edtidos, medios detallados y graves especialmente mejorados a cualquier volumen. Puedes [&hellip;]<\/p>\n","protected":false},"featured_media":576,"comment_status":"open","ping_status":"closed","template":"","meta":[],"product_cat":[49],"product_tag":[],"class_list":{"0":"post-575","1":"product","2":"type-product","3":"status-publish","4":"has-post-thumbnail","6":"product_cat-parlantes","7":"product_brand-ortizan","9":"first","10":"instock","11":"shipping-taxable","12":"purchasable","13":"product-type-simple"},"yoast_head":"<!-- This site is optimized with the Yoast SEO plugin v23.9 - https:\/\/yoast.com\/wordpress\/plugins\/seo\/ -->\n<title>Ortizan X10B - Audio Vibe<\/title>\n<meta name=\"robots\" content=\"index, follow, max-snippet:-1, max-image-preview:large, max-video-preview:-1\" \/>\n<link rel=\"canonical\" href=\"https:\/\/audiovibe.cl\/?product=ortizan-x10b\" \/>\n<meta property=\"og:locale\" content=\"es_ES\" \/>\n<meta property=\"og:type\" content=\"article\" \/>\n<meta property=\"og:title\" content=\"Ortizan X10B - Audio Vibe\" \/>\n<meta property=\"og:description\" content=\"Sonido est\u00e9reo de alta fidelidad y emparejamiento doble: El parlante Bluetooth Ortizan est\u00e1 equipado con un parlante con controladores de audio est\u00e9reo de 24\u00a0W (2\u00a0x\u00a012\u00a0W), un procesador de se\u00f1al digital avanzado y dos radiadores pasivos para refuerzo de graves en exteriores, que emite agudos n\u00edtidos, medios detallados y graves especialmente mejorados a cualquier volumen. Puedes [&hellip;]\" \/>\n<meta property=\"og:url\" content=\"https:\/\/audiovibe.cl\/?product=ortizan-x10b\" \/>\n<meta property=\"og:site_name\" content=\"Audio Vibe\" \/>\n<meta property=\"article:modified_time\" content=\"2025-06-26T02:09:34+00:00\" \/>\n<meta property=\"og:image\" content=\"http:\/\/audiovibe.cl\/wp-content\/uploads\/2024\/05\/81-YRA6tQqL._AC_SL1500_.jpg\" \/>\n\t<meta property=\"og:image:width\" content=\"1461\" \/>\n\t<meta property=\"og:image:height\" content=\"1500\" \/>\n\t<meta property=\"og:image:type\" content=\"image\/jpeg\" \/>\n<meta name=\"twitter:card\" content=\"summary_large_image\" \/>\n<meta name=\"twitter:label1\" content=\"Tiempo estimado de lectura\" \/>\n\t<meta name=\"twitter:data1\" content=\"2 minutos\" \/>\n<script type=\"application\/ld+json\" class=\"yoast-schema-graph\">{\"@context\":\"https:\/\/schema.org\",\"@graph\":[{\"@type\":\"WebPage\",\"@id\":\"https:\/\/audiovibe.cl\/?product=ortizan-x10b\",\"url\":\"https:\/\/audiovibe.cl\/?product=ortizan-x10b\",\"name\":\"Ortizan X10B - Audio Vibe\",\"isPartOf\":{\"@id\":\"https:\/\/audiovibe.cl\/#website\"},\"primaryImageOfPage\":{\"@id\":\"https:\/\/audiovibe.cl\/?product=ortizan-x10b#primaryimage\"},\"image\":{\"@id\":\"https:\/\/audiovibe.cl\/?product=ortizan-x10b#primaryimage\"},\"thumbnailUrl\":\"https:\/\/i0.wp.com\/audiovibe.cl\/wp-content\/uploads\/2024\/05\/81-YRA6tQqL._AC_SL1500_.jpg?fit=1461%2C1500&ssl=1\",\"datePublished\":\"2024-05-01T20:52:34+00:00\",\"dateModified\":\"2025-06-26T02:09:34+00:00\",\"breadcrumb\":{\"@id\":\"https:\/\/audiovibe.cl\/?product=ortizan-x10b#breadcrumb\"},\"inLanguage\":\"es-CL\",\"potentialAction\":[{\"@type\":\"ReadAction\",\"target\":[\"https:\/\/audiovibe.cl\/?product=ortizan-x10b\"]}]},{\"@type\":\"ImageObject\",\"inLanguage\":\"es-CL\",\"@id\":\"https:\/\/audiovibe.cl\/?product=ortizan-x10b#primaryimage\",\"url\":\"https:\/\/i0.wp.com\/audiovibe.cl\/wp-content\/uploads\/2024\/05\/81-YRA6tQqL._AC_SL1500_.jpg?fit=1461%2C1500&ssl=1\",\"contentUrl\":\"https:\/\/i0.wp.com\/audiovibe.cl\/wp-content\/uploads\/2024\/05\/81-YRA6tQqL._AC_SL1500_.jpg?fit=1461%2C1500&ssl=1\",\"width\":1461,\"height\":1500},{\"@type\":\"BreadcrumbList\",\"@id\":\"https:\/\/audiovibe.cl\/?product=ortizan-x10b#breadcrumb\",\"itemListElement\":[{\"@type\":\"ListItem\",\"position\":1,\"name\":\"Portada\",\"item\":\"https:\/\/audiovibe.cl\/\"},{\"@type\":\"ListItem\",\"position\":2,\"name\":\"Tienda\",\"item\":\"https:\/\/audiovibe.cl\/?page_id=6\"},{\"@type\":\"ListItem\",\"position\":3,\"name\":\"Ortizan X10B\"}]},{\"@type\":\"WebSite\",\"@id\":\"https:\/\/audiovibe.cl\/#website\",\"url\":\"https:\/\/audiovibe.cl\/\",\"name\":\"Audio Vibe\",\"description\":\"Tu tienda de aud\u00edfonos\",\"publisher\":{\"@id\":\"https:\/\/audiovibe.cl\/#organization\"},\"potentialAction\":[{\"@type\":\"SearchAction\",\"target\":{\"@type\":\"EntryPoint\",\"urlTemplate\":\"https:\/\/audiovibe.cl\/?s={search_term_string}\"},\"query-input\":{\"@type\":\"PropertyValueSpecification\",\"valueRequired\":true,\"valueName\":\"search_term_string\"}}],\"inLanguage\":\"es-CL\"},{\"@type\":\"Organization\",\"@id\":\"https:\/\/audiovibe.cl\/#organization\",\"name\":\"Audio Vibe SpA\",\"url\":\"https:\/\/audiovibe.cl\/\",\"logo\":{\"@type\":\"ImageObject\",\"inLanguage\":\"es-CL\",\"@id\":\"https:\/\/audiovibe.cl\/#\/schema\/logo\/image\/\",\"url\":\"https:\/\/i0.wp.com\/audiovibe.cl\/wp-content\/uploads\/2023\/09\/Vibe-1.png?fit=149%2C64&ssl=1\",\"contentUrl\":\"https:\/\/i0.wp.com\/audiovibe.cl\/wp-content\/uploads\/2023\/09\/Vibe-1.png?fit=149%2C64&ssl=1\",\"width\":149,\"height\":64,\"caption\":\"Audio Vibe SpA\"},\"image\":{\"@id\":\"https:\/\/audiovibe.cl\/#\/schema\/logo\/image\/\"},\"sameAs\":[\"http:\/\/instagram.com\/audiovibecl\/\"]}]}<\/script>\n<!-- \/ Yoast SEO plugin. -->","yoast_head_json":{"title":"Ortizan X10B - Audio Vibe","robots":{"index":"index","follow":"follow","max-snippet":"max-snippet:-1","max-image-preview":"max-image-preview:large","max-video-preview":"max-video-preview:-1"},"canonical":"https:\/\/audiovibe.cl\/?product=ortizan-x10b","og_locale":"es_ES","og_type":"article","og_title":"Ortizan X10B - Audio Vibe","og_description":"Sonido est\u00e9reo de alta fidelidad y emparejamiento doble: El parlante Bluetooth Ortizan est\u00e1 equipado con un parlante con controladores de audio est\u00e9reo de 24\u00a0W (2\u00a0x\u00a012\u00a0W), un procesador de se\u00f1al digital avanzado y dos radiadores pasivos para refuerzo de graves en exteriores, que emite agudos n\u00edtidos, medios detallados y graves especialmente mejorados a cualquier volumen. Puedes [&hellip;]","og_url":"https:\/\/audiovibe.cl\/?product=ortizan-x10b","og_site_name":"Audio Vibe","article_modified_time":"2025-06-26T02:09:34+00:00","og_image":[{"width":1461,"height":1500,"url":"http:\/\/audiovibe.cl\/wp-content\/uploads\/2024\/05\/81-YRA6tQqL._AC_SL1500_.jpg","type":"image\/jpeg"}],"twitter_card":"summary_large_image","twitter_misc":{"Tiempo estimado de lectura":"2 minutos"},"schema":{"@context":"https:\/\/schema.org","@graph":[{"@type":"WebPage","@id":"https:\/\/audiovibe.cl\/?product=ortizan-x10b","url":"https:\/\/audiovibe.cl\/?product=ortizan-x10b","name":"Ortizan X10B - Audio Vibe","isPartOf":{"@id":"https:\/\/audiovibe.cl\/#website"},"primaryImageOfPage":{"@id":"https:\/\/audiovibe.cl\/?product=ortizan-x10b#primaryimage"},"image":{"@id":"https:\/\/audiovibe.cl\/?product=ortizan-x10b#primaryimage"},"thumbnailUrl":"https:\/\/i0.wp.com\/audiovibe.cl\/wp-content\/uploads\/2024\/05\/81-YRA6tQqL._AC_SL1500_.jpg?fit=1461%2C1500&ssl=1","datePublished":"2024-05-01T20:52:34+00:00","dateModified":"2025-06-26T02:09:34+00:00","breadcrumb":{"@id":"https:\/\/audiovibe.cl\/?product=ortizan-x10b#breadcrumb"},"inLanguage":"es-CL","potentialAction":[{"@type":"ReadAction","target":["https:\/\/audiovibe.cl\/?product=ortizan-x10b"]}]},{"@type":"ImageObject","inLanguage":"es-CL","@id":"https:\/\/audiovibe.cl\/?product=ortizan-x10b#primaryimage","url":"https:\/\/i0.wp.com\/audiovibe.cl\/wp-content\/uploads\/2024\/05\/81-YRA6tQqL._AC_SL1500_.jpg?fit=1461%2C1500&ssl=1","contentUrl":"https:\/\/i0.wp.com\/audiovibe.cl\/wp-content\/uploads\/2024\/05\/81-YRA6tQqL._AC_SL1500_.jpg?fit=1461%2C1500&ssl=1","width":1461,"height":1500},{"@type":"BreadcrumbList","@id":"https:\/\/audiovibe.cl\/?product=ortizan-x10b#breadcrumb","itemListElement":[{"@type":"ListItem","position":1,"name":"Portada","item":"https:\/\/audiovibe.cl\/"},{"@type":"ListItem","position":2,"name":"Tienda","item":"https:\/\/audiovibe.cl\/?page_id=6"},{"@type":"ListItem","position":3,"name":"Ortizan X10B"}]},{"@type":"WebSite","@id":"https:\/\/audiovibe.cl\/#website","url":"https:\/\/audiovibe.cl\/","name":"Audio Vibe","description":"Tu tienda de aud\u00edfonos","publisher":{"@id":"https:\/\/audiovibe.cl\/#organization"},"potentialAction":[{"@type":"SearchAction","target":{"@type":"EntryPoint","urlTemplate":"https:\/\/audiovibe.cl\/?s={search_term_string}"},"query-input":{"@type":"PropertyValueSpecification","valueRequired":true,"valueName":"search_term_string"}}],"inLanguage":"es-CL"},{"@type":"Organization","@id":"https:\/\/audiovibe.cl\/#organization","name":"Audio Vibe SpA","url":"https:\/\/audiovibe.cl\/","logo":{"@type":"ImageObject","inLanguage":"es-CL","@id":"https:\/\/audiovibe.cl\/#\/schema\/logo\/image\/","url":"https:\/\/i0.wp.com\/audiovibe.cl\/wp-content\/uploads\/2023\/09\/Vibe-1.png?fit=149%2C64&ssl=1","contentUrl":"https:\/\/i0.wp.com\/audiovibe.cl\/wp-content\/uploads\/2023\/09\/Vibe-1.png?fit=149%2C64&ssl=1","width":149,"height":64,"caption":"Audio Vibe SpA"},"image":{"@id":"https:\/\/audiovibe.cl\/#\/schema\/logo\/image\/"},"sameAs":["http:\/\/instagram.com\/audiovibecl\/"]}]}},"jetpack_sharing_enabled":true,"_links":{"self":[{"href":"https:\/\/audiovibe.cl\/index.php?rest_route=\/wp\/v2\/product\/575","targetHints":{"allow":["GET"]}}],"collection":[{"href":"https:\/\/audiovibe.cl\/index.php?rest_route=\/wp\/v2\/product"}],"about":[{"href":"https:\/\/audiovibe.cl\/index.php?rest_route=\/wp\/v2\/types\/product"}],"replies":[{"embeddable":true,"href":"https:\/\/audiovibe.cl\/index.php?rest_route=%2Fwp%2Fv2%2Fcomments&post=575"}],"wp:featuredmedia":[{"embeddable":true,"href":"https:\/\/audiovibe.cl\/index.php?rest_route=\/wp\/v2\/media\/576"}],"wp:attachment":[{"href":"https:\/\/audiovibe.cl\/index.php?rest_route=%2Fwp%2Fv2%2Fmedia&parent=575"}],"wp:term":[{"taxonomy":"product_cat","embeddable":true,"href":"https:\/\/audiovibe.cl\/index.php?rest_route=%2Fwp%2Fv2%2Fproduct_cat&post=575"},{"taxonomy":"product_tag","embeddable":true,"href":"https:\/\/audiovibe.cl\/index.php?rest_route=%2Fwp%2Fv2%2Fproduct_tag&post=575"}],"curies":[{"name":"wp","href":"https:\/\/api.w.org\/{rel}","templated":true}]}}