{"id":474,"date":"2024-01-14T00:17:42","date_gmt":"2024-01-14T03:17:42","guid":{"rendered":"https:\/\/audiovibe.cl\/?post_type=product&#038;p=474"},"modified":"2024-08-27T23:32:55","modified_gmt":"2024-08-28T03:32:55","slug":"air-4-pro","status":"publish","type":"product","link":"https:\/\/audiovibe.cl\/?product=air-4-pro","title":{"rendered":"SoundPEATS &#8211; Air 4 Pro"},"content":{"rendered":"<p>Eleva tu experiencia de audio con los auriculares Air4 Pro, que ofrecen alta fidelidad mediante tecnolog\u00eda avanzada. Con decodificaci\u00f3n de audio adaptativa AptX, Bluetooth 5.3 y Qualcomm AptX Voice, garantizan reproducci\u00f3n precisa, conexi\u00f3n estable y calidad de llamada n\u00edtida. La cancelaci\u00f3n activa de ruido adaptativa sumerge en un mundo sin distracciones, con resistencia al ruido del viento para actividades al aire libre. Experimenta un sonido potente con controladores din\u00e1micos de 0.512 pulgadas y una duraci\u00f3n total de bater\u00eda de 26 horas, ideal para sesiones prolongadas. El modo de juego de baja latencia de 88 ms y la conexi\u00f3n a dos dispositivos ofrecen ventajas a los jugadores. Adem\u00e1s, caracter\u00edsticas inteligentes como la detecci\u00f3n intrauditiva y personalizaci\u00f3n a trav\u00e9s de la aplicaci\u00f3n SOUNDPEATS hacen de estos auriculares una elecci\u00f3n excepcional.<\/p>\n<p>Somos AudioVibe, compra con tranquilidad!<\/p>\n","protected":false},"excerpt":{"rendered":"<p>Eleva tu experiencia de audio con los auriculares Air4 Pro, que ofrecen alta fidelidad mediante tecnolog\u00eda avanzada. Con decodificaci\u00f3n de audio adaptativa AptX, Bluetooth 5.3 y Qualcomm AptX Voice, garantizan reproducci\u00f3n precisa, conexi\u00f3n estable y calidad de llamada n\u00edtida. La cancelaci\u00f3n activa de ruido adaptativa sumerge en un mundo sin distracciones, con resistencia al ruido [&hellip;]<\/p>\n","protected":false},"featured_media":475,"comment_status":"open","ping_status":"closed","template":"","meta":[],"product_cat":[26],"product_tag":[],"class_list":{"0":"post-474","1":"product","2":"type-product","3":"status-publish","4":"has-post-thumbnail","6":"product_cat-in-ear-audifonos","7":"product_brand-soundpeats","9":"first","10":"instock","11":"shipping-taxable","12":"purchasable","13":"product-type-variable"},"yoast_head":"<!-- This site is optimized with the Yoast SEO plugin v23.9 - https:\/\/yoast.com\/wordpress\/plugins\/seo\/ -->\n<title>SoundPEATS - Air 4 Pro - Audio Vibe<\/title>\n<meta name=\"robots\" content=\"index, follow, max-snippet:-1, max-image-preview:large, max-video-preview:-1\" \/>\n<link rel=\"canonical\" href=\"https:\/\/audiovibe.cl\/?product=air-4-pro\" \/>\n<meta property=\"og:locale\" content=\"es_ES\" \/>\n<meta property=\"og:type\" content=\"article\" \/>\n<meta property=\"og:title\" content=\"SoundPEATS - Air 4 Pro - Audio Vibe\" \/>\n<meta property=\"og:description\" content=\"Eleva tu experiencia de audio con los auriculares Air4 Pro, que ofrecen alta fidelidad mediante tecnolog\u00eda avanzada. Con decodificaci\u00f3n de audio adaptativa AptX, Bluetooth 5.3 y Qualcomm AptX Voice, garantizan reproducci\u00f3n precisa, conexi\u00f3n estable y calidad de llamada n\u00edtida. La cancelaci\u00f3n activa de ruido adaptativa sumerge en un mundo sin distracciones, con resistencia al ruido [&hellip;]\" \/>\n<meta property=\"og:url\" content=\"https:\/\/audiovibe.cl\/?product=air-4-pro\" \/>\n<meta property=\"og:site_name\" content=\"Audio Vibe\" \/>\n<meta property=\"article:modified_time\" content=\"2024-08-28T03:32:55+00:00\" \/>\n<meta property=\"og:image\" content=\"http:\/\/audiovibe.cl\/wp-content\/uploads\/2024\/01\/Air-4-Pro-Negro.png\" \/>\n\t<meta property=\"og:image:width\" content=\"1080\" \/>\n\t<meta property=\"og:image:height\" content=\"1080\" \/>\n\t<meta property=\"og:image:type\" content=\"image\/png\" \/>\n<meta name=\"twitter:card\" content=\"summary_large_image\" \/>\n<meta name=\"twitter:label1\" content=\"Tiempo estimado de lectura\" \/>\n\t<meta name=\"twitter:data1\" content=\"1 minuto\" \/>\n<script type=\"application\/ld+json\" class=\"yoast-schema-graph\">{\"@context\":\"https:\/\/schema.org\",\"@graph\":[{\"@type\":\"WebPage\",\"@id\":\"https:\/\/audiovibe.cl\/?product=air-4-pro\",\"url\":\"https:\/\/audiovibe.cl\/?product=air-4-pro\",\"name\":\"SoundPEATS - Air 4 Pro - Audio Vibe\",\"isPartOf\":{\"@id\":\"https:\/\/audiovibe.cl\/#website\"},\"primaryImageOfPage\":{\"@id\":\"https:\/\/audiovibe.cl\/?product=air-4-pro#primaryimage\"},\"image\":{\"@id\":\"https:\/\/audiovibe.cl\/?product=air-4-pro#primaryimage\"},\"thumbnailUrl\":\"https:\/\/i0.wp.com\/audiovibe.cl\/wp-content\/uploads\/2024\/01\/Air-4-Pro-Negro.png?fit=1080%2C1080&ssl=1\",\"datePublished\":\"2024-01-14T03:17:42+00:00\",\"dateModified\":\"2024-08-28T03:32:55+00:00\",\"breadcrumb\":{\"@id\":\"https:\/\/audiovibe.cl\/?product=air-4-pro#breadcrumb\"},\"inLanguage\":\"es-CL\",\"potentialAction\":[{\"@type\":\"ReadAction\",\"target\":[\"https:\/\/audiovibe.cl\/?product=air-4-pro\"]}]},{\"@type\":\"ImageObject\",\"inLanguage\":\"es-CL\",\"@id\":\"https:\/\/audiovibe.cl\/?product=air-4-pro#primaryimage\",\"url\":\"https:\/\/i0.wp.com\/audiovibe.cl\/wp-content\/uploads\/2024\/01\/Air-4-Pro-Negro.png?fit=1080%2C1080&ssl=1\",\"contentUrl\":\"https:\/\/i0.wp.com\/audiovibe.cl\/wp-content\/uploads\/2024\/01\/Air-4-Pro-Negro.png?fit=1080%2C1080&ssl=1\",\"width\":1080,\"height\":1080},{\"@type\":\"BreadcrumbList\",\"@id\":\"https:\/\/audiovibe.cl\/?product=air-4-pro#breadcrumb\",\"itemListElement\":[{\"@type\":\"ListItem\",\"position\":1,\"name\":\"Portada\",\"item\":\"https:\/\/audiovibe.cl\/\"},{\"@type\":\"ListItem\",\"position\":2,\"name\":\"Tienda\",\"item\":\"https:\/\/audiovibe.cl\/?page_id=6\"},{\"@type\":\"ListItem\",\"position\":3,\"name\":\"SoundPEATS &#8211; Air 4 Pro\"}]},{\"@type\":\"WebSite\",\"@id\":\"https:\/\/audiovibe.cl\/#website\",\"url\":\"https:\/\/audiovibe.cl\/\",\"name\":\"Audio Vibe\",\"description\":\"Tu tienda de aud\u00edfonos\",\"publisher\":{\"@id\":\"https:\/\/audiovibe.cl\/#organization\"},\"potentialAction\":[{\"@type\":\"SearchAction\",\"target\":{\"@type\":\"EntryPoint\",\"urlTemplate\":\"https:\/\/audiovibe.cl\/?s={search_term_string}\"},\"query-input\":{\"@type\":\"PropertyValueSpecification\",\"valueRequired\":true,\"valueName\":\"search_term_string\"}}],\"inLanguage\":\"es-CL\"},{\"@type\":\"Organization\",\"@id\":\"https:\/\/audiovibe.cl\/#organization\",\"name\":\"Audio Vibe SpA\",\"url\":\"https:\/\/audiovibe.cl\/\",\"logo\":{\"@type\":\"ImageObject\",\"inLanguage\":\"es-CL\",\"@id\":\"https:\/\/audiovibe.cl\/#\/schema\/logo\/image\/\",\"url\":\"https:\/\/i0.wp.com\/audiovibe.cl\/wp-content\/uploads\/2023\/09\/Vibe-1.png?fit=149%2C64&ssl=1\",\"contentUrl\":\"https:\/\/i0.wp.com\/audiovibe.cl\/wp-content\/uploads\/2023\/09\/Vibe-1.png?fit=149%2C64&ssl=1\",\"width\":149,\"height\":64,\"caption\":\"Audio Vibe SpA\"},\"image\":{\"@id\":\"https:\/\/audiovibe.cl\/#\/schema\/logo\/image\/\"},\"sameAs\":[\"http:\/\/instagram.com\/audiovibecl\/\"]}]}<\/script>\n<!-- \/ Yoast SEO plugin. -->","yoast_head_json":{"title":"SoundPEATS - Air 4 Pro - Audio Vibe","robots":{"index":"index","follow":"follow","max-snippet":"max-snippet:-1","max-image-preview":"max-image-preview:large","max-video-preview":"max-video-preview:-1"},"canonical":"https:\/\/audiovibe.cl\/?product=air-4-pro","og_locale":"es_ES","og_type":"article","og_title":"SoundPEATS - Air 4 Pro - Audio Vibe","og_description":"Eleva tu experiencia de audio con los auriculares Air4 Pro, que ofrecen alta fidelidad mediante tecnolog\u00eda avanzada. Con decodificaci\u00f3n de audio adaptativa AptX, Bluetooth 5.3 y Qualcomm AptX Voice, garantizan reproducci\u00f3n precisa, conexi\u00f3n estable y calidad de llamada n\u00edtida. La cancelaci\u00f3n activa de ruido adaptativa sumerge en un mundo sin distracciones, con resistencia al ruido [&hellip;]","og_url":"https:\/\/audiovibe.cl\/?product=air-4-pro","og_site_name":"Audio Vibe","article_modified_time":"2024-08-28T03:32:55+00:00","og_image":[{"width":1080,"height":1080,"url":"http:\/\/audiovibe.cl\/wp-content\/uploads\/2024\/01\/Air-4-Pro-Negro.png","type":"image\/png"}],"twitter_card":"summary_large_image","twitter_misc":{"Tiempo estimado de lectura":"1 minuto"},"schema":{"@context":"https:\/\/schema.org","@graph":[{"@type":"WebPage","@id":"https:\/\/audiovibe.cl\/?product=air-4-pro","url":"https:\/\/audiovibe.cl\/?product=air-4-pro","name":"SoundPEATS - Air 4 Pro - Audio Vibe","isPartOf":{"@id":"https:\/\/audiovibe.cl\/#website"},"primaryImageOfPage":{"@id":"https:\/\/audiovibe.cl\/?product=air-4-pro#primaryimage"},"image":{"@id":"https:\/\/audiovibe.cl\/?product=air-4-pro#primaryimage"},"thumbnailUrl":"https:\/\/i0.wp.com\/audiovibe.cl\/wp-content\/uploads\/2024\/01\/Air-4-Pro-Negro.png?fit=1080%2C1080&ssl=1","datePublished":"2024-01-14T03:17:42+00:00","dateModified":"2024-08-28T03:32:55+00:00","breadcrumb":{"@id":"https:\/\/audiovibe.cl\/?product=air-4-pro#breadcrumb"},"inLanguage":"es-CL","potentialAction":[{"@type":"ReadAction","target":["https:\/\/audiovibe.cl\/?product=air-4-pro"]}]},{"@type":"ImageObject","inLanguage":"es-CL","@id":"https:\/\/audiovibe.cl\/?product=air-4-pro#primaryimage","url":"https:\/\/i0.wp.com\/audiovibe.cl\/wp-content\/uploads\/2024\/01\/Air-4-Pro-Negro.png?fit=1080%2C1080&ssl=1","contentUrl":"https:\/\/i0.wp.com\/audiovibe.cl\/wp-content\/uploads\/2024\/01\/Air-4-Pro-Negro.png?fit=1080%2C1080&ssl=1","width":1080,"height":1080},{"@type":"BreadcrumbList","@id":"https:\/\/audiovibe.cl\/?product=air-4-pro#breadcrumb","itemListElement":[{"@type":"ListItem","position":1,"name":"Portada","item":"https:\/\/audiovibe.cl\/"},{"@type":"ListItem","position":2,"name":"Tienda","item":"https:\/\/audiovibe.cl\/?page_id=6"},{"@type":"ListItem","position":3,"name":"SoundPEATS &#8211; Air 4 Pro"}]},{"@type":"WebSite","@id":"https:\/\/audiovibe.cl\/#website","url":"https:\/\/audiovibe.cl\/","name":"Audio Vibe","description":"Tu tienda de aud\u00edfonos","publisher":{"@id":"https:\/\/audiovibe.cl\/#organization"},"potentialAction":[{"@type":"SearchAction","target":{"@type":"EntryPoint","urlTemplate":"https:\/\/audiovibe.cl\/?s={search_term_string}"},"query-input":{"@type":"PropertyValueSpecification","valueRequired":true,"valueName":"search_term_string"}}],"inLanguage":"es-CL"},{"@type":"Organization","@id":"https:\/\/audiovibe.cl\/#organization","name":"Audio Vibe SpA","url":"https:\/\/audiovibe.cl\/","logo":{"@type":"ImageObject","inLanguage":"es-CL","@id":"https:\/\/audiovibe.cl\/#\/schema\/logo\/image\/","url":"https:\/\/i0.wp.com\/audiovibe.cl\/wp-content\/uploads\/2023\/09\/Vibe-1.png?fit=149%2C64&ssl=1","contentUrl":"https:\/\/i0.wp.com\/audiovibe.cl\/wp-content\/uploads\/2023\/09\/Vibe-1.png?fit=149%2C64&ssl=1","width":149,"height":64,"caption":"Audio Vibe SpA"},"image":{"@id":"https:\/\/audiovibe.cl\/#\/schema\/logo\/image\/"},"sameAs":["http:\/\/instagram.com\/audiovibecl\/"]}]}},"jetpack_sharing_enabled":true,"_links":{"self":[{"href":"https:\/\/audiovibe.cl\/index.php?rest_route=\/wp\/v2\/product\/474","targetHints":{"allow":["GET"]}}],"collection":[{"href":"https:\/\/audiovibe.cl\/index.php?rest_route=\/wp\/v2\/product"}],"about":[{"href":"https:\/\/audiovibe.cl\/index.php?rest_route=\/wp\/v2\/types\/product"}],"replies":[{"embeddable":true,"href":"https:\/\/audiovibe.cl\/index.php?rest_route=%2Fwp%2Fv2%2Fcomments&post=474"}],"wp:featuredmedia":[{"embeddable":true,"href":"https:\/\/audiovibe.cl\/index.php?rest_route=\/wp\/v2\/media\/475"}],"wp:attachment":[{"href":"https:\/\/audiovibe.cl\/index.php?rest_route=%2Fwp%2Fv2%2Fmedia&parent=474"}],"wp:term":[{"taxonomy":"product_cat","embeddable":true,"href":"https:\/\/audiovibe.cl\/index.php?rest_route=%2Fwp%2Fv2%2Fproduct_cat&post=474"},{"taxonomy":"product_tag","embeddable":true,"href":"https:\/\/audiovibe.cl\/index.php?rest_route=%2Fwp%2Fv2%2Fproduct_tag&post=474"}],"curies":[{"name":"wp","href":"https:\/\/api.w.org\/{rel}","templated":true}]}}