{"id":449,"date":"2023-12-04T00:01:14","date_gmt":"2023-12-04T03:01:14","guid":{"rendered":"https:\/\/audiovibe.cl\/?post_type=product&#038;p=449"},"modified":"2025-06-25T22:12:10","modified_gmt":"2025-06-26T02:12:10","slug":"carcasa-magsafe-diamond-15-pro-pro-max","status":"publish","type":"product","link":"https:\/\/audiovibe.cl\/?product=carcasa-magsafe-diamond-15-pro-pro-max","title":{"rendered":"Carcasa Torras Magsafe Diamond 15 Pro\/Pro Max"},"content":{"rendered":"<p>Funda Magn\u00e9tica Transparente TORRAS para iPhone 15 Pro y iPhone 15 Pro Max<\/p>\n<p>&#8211; Incre\u00edblemente fuerte y magn\u00e9tica: La elecci\u00f3n perfecta para aquellos que buscan una funda ultra transparente. Ofrece un 100% de transparencia y tecnolog\u00eda anti-amarilleamiento que preserva la belleza original a lo largo del tiempo. La potente fuerza magn\u00e9tica mejora la velocidad y estabilidad de la carga inal\u00e1mbrica. Una funda duradera de alta calidad respaldada por un servicio posventa sin preocupaciones.<\/p>\n<p>&#8211; Fuerza magn\u00e9tica estable y potente: La matriz de imanes Halbach patentada de TORRAS cuenta con 38 imanes de neodimio integrados, posicionados con precisi\u00f3n para ofrecer una estabilidad incre\u00edble y una fuerza magn\u00e9tica segura de hasta 18N (2 veces m\u00e1s potente que la funda magn\u00e9tica oficial de 9N). La funda magn\u00e9tica TORRAS para iPhone 15 es compatible con una variedad de accesorios magn\u00e9ticos, como cargadores, carteras, bancos de energ\u00eda y soportes para autom\u00f3vil. Los imanes perfectamente alineados garantizan una carga inal\u00e1mbrica r\u00e1pida y segura.<\/p>\n<p>&#8211; Siempre transparente, nunca amarilla: Disfruta de una claridad duradera con el tiempo. Fabricada con material acr\u00edlico altamente transparente (vidrio org\u00e1nico PMMA) y recubierta con una capa nano oleof\u00f3bica y antihuellas. La superficie protectora resiste agentes amarillentos como rayos UV, huellas dactilares, sudor y manchas. La funda transparente de TORRAS para iPhone 15 Pro Max mantiene su aspecto nuevo durante largos per\u00edodos, evitando el amarilleo y la necesidad de reemplazos frecuentes.<\/p>\n<p>&#8211; 3 veces m\u00e1s protecci\u00f3n de grado militar: La funda TORRAS para iPhone, a prueba de golpes, ha superado la certificaci\u00f3n de grado militar para ca\u00eddas de hasta 12 pies. Con m\u00e1s de 8000 pruebas rigurosas en m\u00e1s de 50 \u00e1ngulos diferentes, garantiza una total tranquilidad. Las bolsas de aire X-Shock 4.0 mejoradas, el parachoques de 3 capas y el amortiguador ShockMAT circundante minimizan eficazmente los impactos en cada posible choque. El bisel elevado de la pantalla y el borde de la c\u00e1mara, junto con el exclusivo airbag de c\u00e1mara L-SHOCK, evitan da\u00f1os y rayones en las partes delicadas del tel\u00e9fono.<\/p>\n<p>&#8211; Agarre delgado, elegante y seguro: Con un perfil delgado, tan fino como 0.04 pulgadas, ofrece un agarre incre\u00edblemente ligero y c\u00f3modo para tu iPhone. Fabricada con poliuretano termopl\u00e1stico (TPU) suave al tacto de primera calidad y acabado sedoso al tacto, esta funda magn\u00e9tica transparente garantiza una experiencia t\u00e1ctil deliciosa. Los lados texturizados antideslizantes proporcionan el mejor agarre en el que puedes confiar. Adem\u00e1s, su dise\u00f1o elegante facilita llevarlo c\u00f3modamente en tu bolsillo.<\/p>\n<p><iframe title=\"Torras Diamond Mag Series\" width=\"640\" height=\"360\" src=\"https:\/\/www.youtube.com\/embed\/sljNb7IYCeE?feature=oembed\" frameborder=\"0\" allow=\"accelerometer; autoplay; clipboard-write; encrypted-media; gyroscope; picture-in-picture; web-share\" referrerpolicy=\"strict-origin-when-cross-origin\" allowfullscreen><\/iframe><\/p>\n<p><img data-recalc-dims=\"1\" fetchpriority=\"high\" decoding=\"async\" class=\"aligncenter size-full wp-image-450\" src=\"https:\/\/i0.wp.com\/audiovibe.cl\/wp-content\/uploads\/2023\/12\/APC-1.jpg?resize=640%2C262\" alt=\"\" width=\"640\" height=\"262\" srcset=\"https:\/\/i0.wp.com\/audiovibe.cl\/wp-content\/uploads\/2023\/12\/APC-1.jpg?w=1464&amp;ssl=1 1464w, https:\/\/i0.wp.com\/audiovibe.cl\/wp-content\/uploads\/2023\/12\/APC-1.jpg?resize=300%2C123&amp;ssl=1 300w, https:\/\/i0.wp.com\/audiovibe.cl\/wp-content\/uploads\/2023\/12\/APC-1.jpg?resize=1024%2C420&amp;ssl=1 1024w, https:\/\/i0.wp.com\/audiovibe.cl\/wp-content\/uploads\/2023\/12\/APC-1.jpg?resize=768%2C315&amp;ssl=1 768w, https:\/\/i0.wp.com\/audiovibe.cl\/wp-content\/uploads\/2023\/12\/APC-1.jpg?resize=1320%2C541&amp;ssl=1 1320w, https:\/\/i0.wp.com\/audiovibe.cl\/wp-content\/uploads\/2023\/12\/APC-1.jpg?resize=600%2C246&amp;ssl=1 600w\" sizes=\"(max-width: 640px) 100vw, 640px\" \/> <img data-recalc-dims=\"1\" decoding=\"async\" class=\"aligncenter size-full wp-image-451\" src=\"https:\/\/i0.wp.com\/audiovibe.cl\/wp-content\/uploads\/2023\/12\/APC-2.jpg?resize=640%2C262\" alt=\"\" width=\"640\" height=\"262\" srcset=\"https:\/\/i0.wp.com\/audiovibe.cl\/wp-content\/uploads\/2023\/12\/APC-2.jpg?w=1463&amp;ssl=1 1463w, https:\/\/i0.wp.com\/audiovibe.cl\/wp-content\/uploads\/2023\/12\/APC-2.jpg?resize=300%2C123&amp;ssl=1 300w, https:\/\/i0.wp.com\/audiovibe.cl\/wp-content\/uploads\/2023\/12\/APC-2.jpg?resize=1024%2C420&amp;ssl=1 1024w, https:\/\/i0.wp.com\/audiovibe.cl\/wp-content\/uploads\/2023\/12\/APC-2.jpg?resize=768%2C315&amp;ssl=1 768w, https:\/\/i0.wp.com\/audiovibe.cl\/wp-content\/uploads\/2023\/12\/APC-2.jpg?resize=1320%2C541&amp;ssl=1 1320w, https:\/\/i0.wp.com\/audiovibe.cl\/wp-content\/uploads\/2023\/12\/APC-2.jpg?resize=600%2C246&amp;ssl=1 600w\" sizes=\"(max-width: 640px) 100vw, 640px\" \/> <img data-recalc-dims=\"1\" decoding=\"async\" class=\"aligncenter size-full wp-image-452\" src=\"https:\/\/i0.wp.com\/audiovibe.cl\/wp-content\/uploads\/2023\/12\/APC-3.jpg?resize=640%2C262\" alt=\"\" width=\"640\" height=\"262\" srcset=\"https:\/\/i0.wp.com\/audiovibe.cl\/wp-content\/uploads\/2023\/12\/APC-3.jpg?w=1464&amp;ssl=1 1464w, https:\/\/i0.wp.com\/audiovibe.cl\/wp-content\/uploads\/2023\/12\/APC-3.jpg?resize=300%2C123&amp;ssl=1 300w, https:\/\/i0.wp.com\/audiovibe.cl\/wp-content\/uploads\/2023\/12\/APC-3.jpg?resize=1024%2C420&amp;ssl=1 1024w, https:\/\/i0.wp.com\/audiovibe.cl\/wp-content\/uploads\/2023\/12\/APC-3.jpg?resize=768%2C315&amp;ssl=1 768w, https:\/\/i0.wp.com\/audiovibe.cl\/wp-content\/uploads\/2023\/12\/APC-3.jpg?resize=1320%2C541&amp;ssl=1 1320w, https:\/\/i0.wp.com\/audiovibe.cl\/wp-content\/uploads\/2023\/12\/APC-3.jpg?resize=600%2C246&amp;ssl=1 600w\" sizes=\"(max-width: 640px) 100vw, 640px\" \/> <img data-recalc-dims=\"1\" loading=\"lazy\" decoding=\"async\" class=\"aligncenter size-full wp-image-453\" src=\"https:\/\/i0.wp.com\/audiovibe.cl\/wp-content\/uploads\/2023\/12\/APC-4.jpg?resize=640%2C262\" alt=\"\" width=\"640\" height=\"262\" srcset=\"https:\/\/i0.wp.com\/audiovibe.cl\/wp-content\/uploads\/2023\/12\/APC-4.jpg?w=1464&amp;ssl=1 1464w, https:\/\/i0.wp.com\/audiovibe.cl\/wp-content\/uploads\/2023\/12\/APC-4.jpg?resize=300%2C123&amp;ssl=1 300w, https:\/\/i0.wp.com\/audiovibe.cl\/wp-content\/uploads\/2023\/12\/APC-4.jpg?resize=1024%2C420&amp;ssl=1 1024w, https:\/\/i0.wp.com\/audiovibe.cl\/wp-content\/uploads\/2023\/12\/APC-4.jpg?resize=768%2C315&amp;ssl=1 768w, https:\/\/i0.wp.com\/audiovibe.cl\/wp-content\/uploads\/2023\/12\/APC-4.jpg?resize=1320%2C541&amp;ssl=1 1320w, https:\/\/i0.wp.com\/audiovibe.cl\/wp-content\/uploads\/2023\/12\/APC-4.jpg?resize=600%2C246&amp;ssl=1 600w\" sizes=\"(max-width: 640px) 100vw, 640px\" \/> <img data-recalc-dims=\"1\" loading=\"lazy\" decoding=\"async\" class=\"aligncenter size-full wp-image-454\" src=\"https:\/\/i0.wp.com\/audiovibe.cl\/wp-content\/uploads\/2023\/12\/APC-5.jpg?resize=640%2C262\" alt=\"\" width=\"640\" height=\"262\" srcset=\"https:\/\/i0.wp.com\/audiovibe.cl\/wp-content\/uploads\/2023\/12\/APC-5.jpg?w=1464&amp;ssl=1 1464w, https:\/\/i0.wp.com\/audiovibe.cl\/wp-content\/uploads\/2023\/12\/APC-5.jpg?resize=300%2C123&amp;ssl=1 300w, https:\/\/i0.wp.com\/audiovibe.cl\/wp-content\/uploads\/2023\/12\/APC-5.jpg?resize=1024%2C420&amp;ssl=1 1024w, https:\/\/i0.wp.com\/audiovibe.cl\/wp-content\/uploads\/2023\/12\/APC-5.jpg?resize=768%2C315&amp;ssl=1 768w, https:\/\/i0.wp.com\/audiovibe.cl\/wp-content\/uploads\/2023\/12\/APC-5.jpg?resize=1320%2C541&amp;ssl=1 1320w, https:\/\/i0.wp.com\/audiovibe.cl\/wp-content\/uploads\/2023\/12\/APC-5.jpg?resize=600%2C246&amp;ssl=1 600w\" sizes=\"(max-width: 640px) 100vw, 640px\" \/> <img data-recalc-dims=\"1\" loading=\"lazy\" decoding=\"async\" class=\"aligncenter size-full wp-image-455\" src=\"https:\/\/i0.wp.com\/audiovibe.cl\/wp-content\/uploads\/2023\/12\/APC-6.jpg?resize=640%2C262\" alt=\"\" width=\"640\" height=\"262\" srcset=\"https:\/\/i0.wp.com\/audiovibe.cl\/wp-content\/uploads\/2023\/12\/APC-6.jpg?w=1464&amp;ssl=1 1464w, https:\/\/i0.wp.com\/audiovibe.cl\/wp-content\/uploads\/2023\/12\/APC-6.jpg?resize=300%2C123&amp;ssl=1 300w, https:\/\/i0.wp.com\/audiovibe.cl\/wp-content\/uploads\/2023\/12\/APC-6.jpg?resize=1024%2C420&amp;ssl=1 1024w, https:\/\/i0.wp.com\/audiovibe.cl\/wp-content\/uploads\/2023\/12\/APC-6.jpg?resize=768%2C315&amp;ssl=1 768w, https:\/\/i0.wp.com\/audiovibe.cl\/wp-content\/uploads\/2023\/12\/APC-6.jpg?resize=1320%2C541&amp;ssl=1 1320w, https:\/\/i0.wp.com\/audiovibe.cl\/wp-content\/uploads\/2023\/12\/APC-6.jpg?resize=600%2C246&amp;ssl=1 600w\" sizes=\"(max-width: 640px) 100vw, 640px\" \/><\/p>\n","protected":false},"excerpt":{"rendered":"<p>Funda Magn\u00e9tica Transparente TORRAS para iPhone 15 Pro y iPhone 15 Pro Max &#8211; Incre\u00edblemente fuerte y magn\u00e9tica: La elecci\u00f3n perfecta para aquellos que buscan una funda ultra transparente. Ofrece un 100% de transparencia y tecnolog\u00eda anti-amarilleamiento que preserva la belleza original a lo largo del tiempo. La potente fuerza magn\u00e9tica mejora la velocidad y [&hellip;]<\/p>\n","protected":false},"featured_media":464,"comment_status":"open","ping_status":"closed","template":"","meta":[],"product_cat":[45],"product_tag":[],"class_list":{"0":"post-449","1":"product","2":"type-product","3":"status-publish","4":"has-post-thumbnail","6":"product_cat-case","7":"product_brand-torras","9":"first","10":"instock","11":"shipping-taxable","12":"purchasable","13":"product-type-variable"},"yoast_head":"<!-- This site is optimized with the Yoast SEO plugin v23.9 - https:\/\/yoast.com\/wordpress\/plugins\/seo\/ -->\n<title>Carcasa Torras Magsafe Diamond 15 Pro\/Pro Max - Audio Vibe<\/title>\n<meta name=\"robots\" content=\"index, follow, max-snippet:-1, max-image-preview:large, max-video-preview:-1\" \/>\n<link rel=\"canonical\" href=\"https:\/\/audiovibe.cl\/?product=carcasa-magsafe-diamond-15-pro-pro-max\" \/>\n<meta property=\"og:locale\" content=\"es_ES\" \/>\n<meta property=\"og:type\" content=\"article\" \/>\n<meta property=\"og:title\" content=\"Carcasa Torras Magsafe Diamond 15 Pro\/Pro Max - Audio Vibe\" \/>\n<meta property=\"og:description\" content=\"Funda Magn\u00e9tica Transparente TORRAS para iPhone 15 Pro y iPhone 15 Pro Max &#8211; Incre\u00edblemente fuerte y magn\u00e9tica: La elecci\u00f3n perfecta para aquellos que buscan una funda ultra transparente. Ofrece un 100% de transparencia y tecnolog\u00eda anti-amarilleamiento que preserva la belleza original a lo largo del tiempo. La potente fuerza magn\u00e9tica mejora la velocidad y [&hellip;]\" \/>\n<meta property=\"og:url\" content=\"https:\/\/audiovibe.cl\/?product=carcasa-magsafe-diamond-15-pro-pro-max\" \/>\n<meta property=\"og:site_name\" content=\"Audio Vibe\" \/>\n<meta property=\"article:modified_time\" content=\"2025-06-26T02:12:10+00:00\" \/>\n<meta property=\"og:image\" content=\"http:\/\/audiovibe.cl\/wp-content\/uploads\/2023\/12\/Diamond.png\" \/>\n\t<meta property=\"og:image:width\" content=\"1080\" \/>\n\t<meta property=\"og:image:height\" content=\"1080\" \/>\n\t<meta property=\"og:image:type\" content=\"image\/png\" \/>\n<meta name=\"twitter:card\" content=\"summary_large_image\" \/>\n<meta name=\"twitter:label1\" content=\"Tiempo estimado de lectura\" \/>\n\t<meta name=\"twitter:data1\" content=\"4 minutos\" \/>\n<script type=\"application\/ld+json\" class=\"yoast-schema-graph\">{\"@context\":\"https:\/\/schema.org\",\"@graph\":[{\"@type\":\"WebPage\",\"@id\":\"https:\/\/audiovibe.cl\/?product=carcasa-magsafe-diamond-15-pro-pro-max\",\"url\":\"https:\/\/audiovibe.cl\/?product=carcasa-magsafe-diamond-15-pro-pro-max\",\"name\":\"Carcasa Torras Magsafe Diamond 15 Pro\/Pro Max - Audio Vibe\",\"isPartOf\":{\"@id\":\"https:\/\/audiovibe.cl\/#website\"},\"primaryImageOfPage\":{\"@id\":\"https:\/\/audiovibe.cl\/?product=carcasa-magsafe-diamond-15-pro-pro-max#primaryimage\"},\"image\":{\"@id\":\"https:\/\/audiovibe.cl\/?product=carcasa-magsafe-diamond-15-pro-pro-max#primaryimage\"},\"thumbnailUrl\":\"https:\/\/i0.wp.com\/audiovibe.cl\/wp-content\/uploads\/2023\/12\/Diamond.png?fit=1080%2C1080&ssl=1\",\"datePublished\":\"2023-12-04T03:01:14+00:00\",\"dateModified\":\"2025-06-26T02:12:10+00:00\",\"breadcrumb\":{\"@id\":\"https:\/\/audiovibe.cl\/?product=carcasa-magsafe-diamond-15-pro-pro-max#breadcrumb\"},\"inLanguage\":\"es-CL\",\"potentialAction\":[{\"@type\":\"ReadAction\",\"target\":[\"https:\/\/audiovibe.cl\/?product=carcasa-magsafe-diamond-15-pro-pro-max\"]}]},{\"@type\":\"ImageObject\",\"inLanguage\":\"es-CL\",\"@id\":\"https:\/\/audiovibe.cl\/?product=carcasa-magsafe-diamond-15-pro-pro-max#primaryimage\",\"url\":\"https:\/\/i0.wp.com\/audiovibe.cl\/wp-content\/uploads\/2023\/12\/Diamond.png?fit=1080%2C1080&ssl=1\",\"contentUrl\":\"https:\/\/i0.wp.com\/audiovibe.cl\/wp-content\/uploads\/2023\/12\/Diamond.png?fit=1080%2C1080&ssl=1\",\"width\":1080,\"height\":1080},{\"@type\":\"BreadcrumbList\",\"@id\":\"https:\/\/audiovibe.cl\/?product=carcasa-magsafe-diamond-15-pro-pro-max#breadcrumb\",\"itemListElement\":[{\"@type\":\"ListItem\",\"position\":1,\"name\":\"Portada\",\"item\":\"https:\/\/audiovibe.cl\/\"},{\"@type\":\"ListItem\",\"position\":2,\"name\":\"Tienda\",\"item\":\"https:\/\/audiovibe.cl\/?page_id=6\"},{\"@type\":\"ListItem\",\"position\":3,\"name\":\"Carcasa Torras Magsafe Diamond 15 Pro\/Pro Max\"}]},{\"@type\":\"WebSite\",\"@id\":\"https:\/\/audiovibe.cl\/#website\",\"url\":\"https:\/\/audiovibe.cl\/\",\"name\":\"Audio Vibe\",\"description\":\"Tu tienda de aud\u00edfonos\",\"publisher\":{\"@id\":\"https:\/\/audiovibe.cl\/#organization\"},\"potentialAction\":[{\"@type\":\"SearchAction\",\"target\":{\"@type\":\"EntryPoint\",\"urlTemplate\":\"https:\/\/audiovibe.cl\/?s={search_term_string}\"},\"query-input\":{\"@type\":\"PropertyValueSpecification\",\"valueRequired\":true,\"valueName\":\"search_term_string\"}}],\"inLanguage\":\"es-CL\"},{\"@type\":\"Organization\",\"@id\":\"https:\/\/audiovibe.cl\/#organization\",\"name\":\"Audio Vibe SpA\",\"url\":\"https:\/\/audiovibe.cl\/\",\"logo\":{\"@type\":\"ImageObject\",\"inLanguage\":\"es-CL\",\"@id\":\"https:\/\/audiovibe.cl\/#\/schema\/logo\/image\/\",\"url\":\"https:\/\/i0.wp.com\/audiovibe.cl\/wp-content\/uploads\/2023\/09\/Vibe-1.png?fit=149%2C64&ssl=1\",\"contentUrl\":\"https:\/\/i0.wp.com\/audiovibe.cl\/wp-content\/uploads\/2023\/09\/Vibe-1.png?fit=149%2C64&ssl=1\",\"width\":149,\"height\":64,\"caption\":\"Audio Vibe SpA\"},\"image\":{\"@id\":\"https:\/\/audiovibe.cl\/#\/schema\/logo\/image\/\"},\"sameAs\":[\"http:\/\/instagram.com\/audiovibecl\/\"]}]}<\/script>\n<!-- \/ Yoast SEO plugin. -->","yoast_head_json":{"title":"Carcasa Torras Magsafe Diamond 15 Pro\/Pro Max - Audio Vibe","robots":{"index":"index","follow":"follow","max-snippet":"max-snippet:-1","max-image-preview":"max-image-preview:large","max-video-preview":"max-video-preview:-1"},"canonical":"https:\/\/audiovibe.cl\/?product=carcasa-magsafe-diamond-15-pro-pro-max","og_locale":"es_ES","og_type":"article","og_title":"Carcasa Torras Magsafe Diamond 15 Pro\/Pro Max - Audio Vibe","og_description":"Funda Magn\u00e9tica Transparente TORRAS para iPhone 15 Pro y iPhone 15 Pro Max &#8211; Incre\u00edblemente fuerte y magn\u00e9tica: La elecci\u00f3n perfecta para aquellos que buscan una funda ultra transparente. Ofrece un 100% de transparencia y tecnolog\u00eda anti-amarilleamiento que preserva la belleza original a lo largo del tiempo. La potente fuerza magn\u00e9tica mejora la velocidad y [&hellip;]","og_url":"https:\/\/audiovibe.cl\/?product=carcasa-magsafe-diamond-15-pro-pro-max","og_site_name":"Audio Vibe","article_modified_time":"2025-06-26T02:12:10+00:00","og_image":[{"width":1080,"height":1080,"url":"http:\/\/audiovibe.cl\/wp-content\/uploads\/2023\/12\/Diamond.png","type":"image\/png"}],"twitter_card":"summary_large_image","twitter_misc":{"Tiempo estimado de lectura":"4 minutos"},"schema":{"@context":"https:\/\/schema.org","@graph":[{"@type":"WebPage","@id":"https:\/\/audiovibe.cl\/?product=carcasa-magsafe-diamond-15-pro-pro-max","url":"https:\/\/audiovibe.cl\/?product=carcasa-magsafe-diamond-15-pro-pro-max","name":"Carcasa Torras Magsafe Diamond 15 Pro\/Pro Max - Audio Vibe","isPartOf":{"@id":"https:\/\/audiovibe.cl\/#website"},"primaryImageOfPage":{"@id":"https:\/\/audiovibe.cl\/?product=carcasa-magsafe-diamond-15-pro-pro-max#primaryimage"},"image":{"@id":"https:\/\/audiovibe.cl\/?product=carcasa-magsafe-diamond-15-pro-pro-max#primaryimage"},"thumbnailUrl":"https:\/\/i0.wp.com\/audiovibe.cl\/wp-content\/uploads\/2023\/12\/Diamond.png?fit=1080%2C1080&ssl=1","datePublished":"2023-12-04T03:01:14+00:00","dateModified":"2025-06-26T02:12:10+00:00","breadcrumb":{"@id":"https:\/\/audiovibe.cl\/?product=carcasa-magsafe-diamond-15-pro-pro-max#breadcrumb"},"inLanguage":"es-CL","potentialAction":[{"@type":"ReadAction","target":["https:\/\/audiovibe.cl\/?product=carcasa-magsafe-diamond-15-pro-pro-max"]}]},{"@type":"ImageObject","inLanguage":"es-CL","@id":"https:\/\/audiovibe.cl\/?product=carcasa-magsafe-diamond-15-pro-pro-max#primaryimage","url":"https:\/\/i0.wp.com\/audiovibe.cl\/wp-content\/uploads\/2023\/12\/Diamond.png?fit=1080%2C1080&ssl=1","contentUrl":"https:\/\/i0.wp.com\/audiovibe.cl\/wp-content\/uploads\/2023\/12\/Diamond.png?fit=1080%2C1080&ssl=1","width":1080,"height":1080},{"@type":"BreadcrumbList","@id":"https:\/\/audiovibe.cl\/?product=carcasa-magsafe-diamond-15-pro-pro-max#breadcrumb","itemListElement":[{"@type":"ListItem","position":1,"name":"Portada","item":"https:\/\/audiovibe.cl\/"},{"@type":"ListItem","position":2,"name":"Tienda","item":"https:\/\/audiovibe.cl\/?page_id=6"},{"@type":"ListItem","position":3,"name":"Carcasa Torras Magsafe Diamond 15 Pro\/Pro Max"}]},{"@type":"WebSite","@id":"https:\/\/audiovibe.cl\/#website","url":"https:\/\/audiovibe.cl\/","name":"Audio Vibe","description":"Tu tienda de aud\u00edfonos","publisher":{"@id":"https:\/\/audiovibe.cl\/#organization"},"potentialAction":[{"@type":"SearchAction","target":{"@type":"EntryPoint","urlTemplate":"https:\/\/audiovibe.cl\/?s={search_term_string}"},"query-input":{"@type":"PropertyValueSpecification","valueRequired":true,"valueName":"search_term_string"}}],"inLanguage":"es-CL"},{"@type":"Organization","@id":"https:\/\/audiovibe.cl\/#organization","name":"Audio Vibe SpA","url":"https:\/\/audiovibe.cl\/","logo":{"@type":"ImageObject","inLanguage":"es-CL","@id":"https:\/\/audiovibe.cl\/#\/schema\/logo\/image\/","url":"https:\/\/i0.wp.com\/audiovibe.cl\/wp-content\/uploads\/2023\/09\/Vibe-1.png?fit=149%2C64&ssl=1","contentUrl":"https:\/\/i0.wp.com\/audiovibe.cl\/wp-content\/uploads\/2023\/09\/Vibe-1.png?fit=149%2C64&ssl=1","width":149,"height":64,"caption":"Audio Vibe SpA"},"image":{"@id":"https:\/\/audiovibe.cl\/#\/schema\/logo\/image\/"},"sameAs":["http:\/\/instagram.com\/audiovibecl\/"]}]}},"jetpack_sharing_enabled":true,"_links":{"self":[{"href":"https:\/\/audiovibe.cl\/index.php?rest_route=\/wp\/v2\/product\/449","targetHints":{"allow":["GET"]}}],"collection":[{"href":"https:\/\/audiovibe.cl\/index.php?rest_route=\/wp\/v2\/product"}],"about":[{"href":"https:\/\/audiovibe.cl\/index.php?rest_route=\/wp\/v2\/types\/product"}],"replies":[{"embeddable":true,"href":"https:\/\/audiovibe.cl\/index.php?rest_route=%2Fwp%2Fv2%2Fcomments&post=449"}],"wp:featuredmedia":[{"embeddable":true,"href":"https:\/\/audiovibe.cl\/index.php?rest_route=\/wp\/v2\/media\/464"}],"wp:attachment":[{"href":"https:\/\/audiovibe.cl\/index.php?rest_route=%2Fwp%2Fv2%2Fmedia&parent=449"}],"wp:term":[{"taxonomy":"product_cat","embeddable":true,"href":"https:\/\/audiovibe.cl\/index.php?rest_route=%2Fwp%2Fv2%2Fproduct_cat&post=449"},{"taxonomy":"product_tag","embeddable":true,"href":"https:\/\/audiovibe.cl\/index.php?rest_route=%2Fwp%2Fv2%2Fproduct_tag&post=449"}],"curies":[{"name":"wp","href":"https:\/\/api.w.org\/{rel}","templated":true}]}}