{"id":305,"date":"2023-09-03T03:38:21","date_gmt":"2023-09-03T06:38:21","guid":{"rendered":"https:\/\/audiovibe.cl\/?post_type=product&#038;p=305"},"modified":"2025-06-25T22:12:55","modified_gmt":"2025-06-26T02:12:55","slug":"anybuds-fits","status":"publish","type":"product","link":"https:\/\/audiovibe.cl\/?product=anybuds-fits","title":{"rendered":"Tozo &#8211; Anybuds Fits"},"content":{"rendered":"<p>TOZO Anybuds Fits est\u00e1 impulsado por controladores din\u00e1micos de 13 mm, brindando graves potentes y medios fant\u00e1sticos para una calidad de sonido asombrosa, reproduciendo todos los detalles de diferentes ritmos y golpes en la m\u00fasica que m\u00e1s te gusta. Adem\u00e1s, es c\u00f3modo de llevar durante largos periodos de tiempo gracias a su dise\u00f1o ultraligero de 3.1 gramos.<\/p>\n","protected":false},"excerpt":{"rendered":"<p>TOZO Anybuds Fits est\u00e1 impulsado por controladores din\u00e1micos de 13 mm, brindando graves potentes y medios fant\u00e1sticos para una calidad de sonido asombrosa, reproduciendo todos los detalles de diferentes ritmos y golpes en la m\u00fasica que m\u00e1s te gusta. Adem\u00e1s, es c\u00f3modo de llevar durante largos periodos de tiempo gracias a su dise\u00f1o ultraligero de [&hellip;]<\/p>\n","protected":false},"featured_media":306,"comment_status":"open","ping_status":"closed","template":"","meta":[],"product_cat":[25],"product_tag":[],"class_list":{"0":"post-305","1":"product","2":"type-product","3":"status-publish","4":"has-post-thumbnail","6":"product_cat-semi-in-ear","7":"product_brand-tozo","9":"first","10":"instock","11":"shipping-taxable","12":"purchasable","13":"product-type-simple"},"yoast_head":"<!-- This site is optimized with the Yoast SEO plugin v23.9 - https:\/\/yoast.com\/wordpress\/plugins\/seo\/ -->\n<title>Tozo - Anybuds Fits - Audio Vibe<\/title>\n<meta name=\"robots\" content=\"index, follow, max-snippet:-1, max-image-preview:large, max-video-preview:-1\" \/>\n<link rel=\"canonical\" href=\"https:\/\/audiovibe.cl\/?product=anybuds-fits\" \/>\n<meta property=\"og:locale\" content=\"es_ES\" \/>\n<meta property=\"og:type\" content=\"article\" \/>\n<meta property=\"og:title\" content=\"Tozo - Anybuds Fits - Audio Vibe\" \/>\n<meta property=\"og:description\" content=\"TOZO Anybuds Fits est\u00e1 impulsado por controladores din\u00e1micos de 13 mm, brindando graves potentes y medios fant\u00e1sticos para una calidad de sonido asombrosa, reproduciendo todos los detalles de diferentes ritmos y golpes en la m\u00fasica que m\u00e1s te gusta. Adem\u00e1s, es c\u00f3modo de llevar durante largos periodos de tiempo gracias a su dise\u00f1o ultraligero de [&hellip;]\" \/>\n<meta property=\"og:url\" content=\"https:\/\/audiovibe.cl\/?product=anybuds-fits\" \/>\n<meta property=\"og:site_name\" content=\"Audio Vibe\" \/>\n<meta property=\"article:modified_time\" content=\"2025-06-26T02:12:55+00:00\" \/>\n<meta property=\"og:image\" content=\"http:\/\/audiovibe.cl\/wp-content\/uploads\/2023\/09\/Anybuds-Fits.png\" \/>\n\t<meta property=\"og:image:width\" content=\"1080\" \/>\n\t<meta property=\"og:image:height\" content=\"1080\" \/>\n\t<meta property=\"og:image:type\" content=\"image\/png\" \/>\n<meta name=\"twitter:card\" content=\"summary_large_image\" \/>\n<script type=\"application\/ld+json\" class=\"yoast-schema-graph\">{\"@context\":\"https:\/\/schema.org\",\"@graph\":[{\"@type\":\"WebPage\",\"@id\":\"https:\/\/audiovibe.cl\/?product=anybuds-fits\",\"url\":\"https:\/\/audiovibe.cl\/?product=anybuds-fits\",\"name\":\"Tozo - Anybuds Fits - Audio Vibe\",\"isPartOf\":{\"@id\":\"https:\/\/audiovibe.cl\/#website\"},\"primaryImageOfPage\":{\"@id\":\"https:\/\/audiovibe.cl\/?product=anybuds-fits#primaryimage\"},\"image\":{\"@id\":\"https:\/\/audiovibe.cl\/?product=anybuds-fits#primaryimage\"},\"thumbnailUrl\":\"https:\/\/i0.wp.com\/audiovibe.cl\/wp-content\/uploads\/2023\/09\/Anybuds-Fits.png?fit=1080%2C1080&ssl=1\",\"datePublished\":\"2023-09-03T06:38:21+00:00\",\"dateModified\":\"2025-06-26T02:12:55+00:00\",\"breadcrumb\":{\"@id\":\"https:\/\/audiovibe.cl\/?product=anybuds-fits#breadcrumb\"},\"inLanguage\":\"es-CL\",\"potentialAction\":[{\"@type\":\"ReadAction\",\"target\":[\"https:\/\/audiovibe.cl\/?product=anybuds-fits\"]}]},{\"@type\":\"ImageObject\",\"inLanguage\":\"es-CL\",\"@id\":\"https:\/\/audiovibe.cl\/?product=anybuds-fits#primaryimage\",\"url\":\"https:\/\/i0.wp.com\/audiovibe.cl\/wp-content\/uploads\/2023\/09\/Anybuds-Fits.png?fit=1080%2C1080&ssl=1\",\"contentUrl\":\"https:\/\/i0.wp.com\/audiovibe.cl\/wp-content\/uploads\/2023\/09\/Anybuds-Fits.png?fit=1080%2C1080&ssl=1\",\"width\":1080,\"height\":1080},{\"@type\":\"BreadcrumbList\",\"@id\":\"https:\/\/audiovibe.cl\/?product=anybuds-fits#breadcrumb\",\"itemListElement\":[{\"@type\":\"ListItem\",\"position\":1,\"name\":\"Portada\",\"item\":\"https:\/\/audiovibe.cl\/\"},{\"@type\":\"ListItem\",\"position\":2,\"name\":\"Tienda\",\"item\":\"https:\/\/audiovibe.cl\/?page_id=6\"},{\"@type\":\"ListItem\",\"position\":3,\"name\":\"Tozo &#8211; Anybuds Fits\"}]},{\"@type\":\"WebSite\",\"@id\":\"https:\/\/audiovibe.cl\/#website\",\"url\":\"https:\/\/audiovibe.cl\/\",\"name\":\"Audio Vibe\",\"description\":\"Tu tienda de aud\u00edfonos\",\"publisher\":{\"@id\":\"https:\/\/audiovibe.cl\/#organization\"},\"potentialAction\":[{\"@type\":\"SearchAction\",\"target\":{\"@type\":\"EntryPoint\",\"urlTemplate\":\"https:\/\/audiovibe.cl\/?s={search_term_string}\"},\"query-input\":{\"@type\":\"PropertyValueSpecification\",\"valueRequired\":true,\"valueName\":\"search_term_string\"}}],\"inLanguage\":\"es-CL\"},{\"@type\":\"Organization\",\"@id\":\"https:\/\/audiovibe.cl\/#organization\",\"name\":\"Audio Vibe SpA\",\"url\":\"https:\/\/audiovibe.cl\/\",\"logo\":{\"@type\":\"ImageObject\",\"inLanguage\":\"es-CL\",\"@id\":\"https:\/\/audiovibe.cl\/#\/schema\/logo\/image\/\",\"url\":\"https:\/\/i0.wp.com\/audiovibe.cl\/wp-content\/uploads\/2023\/09\/Vibe-1.png?fit=149%2C64&ssl=1\",\"contentUrl\":\"https:\/\/i0.wp.com\/audiovibe.cl\/wp-content\/uploads\/2023\/09\/Vibe-1.png?fit=149%2C64&ssl=1\",\"width\":149,\"height\":64,\"caption\":\"Audio Vibe SpA\"},\"image\":{\"@id\":\"https:\/\/audiovibe.cl\/#\/schema\/logo\/image\/\"},\"sameAs\":[\"http:\/\/instagram.com\/audiovibecl\/\"]}]}<\/script>\n<!-- \/ Yoast SEO plugin. -->","yoast_head_json":{"title":"Tozo - Anybuds Fits - Audio Vibe","robots":{"index":"index","follow":"follow","max-snippet":"max-snippet:-1","max-image-preview":"max-image-preview:large","max-video-preview":"max-video-preview:-1"},"canonical":"https:\/\/audiovibe.cl\/?product=anybuds-fits","og_locale":"es_ES","og_type":"article","og_title":"Tozo - Anybuds Fits - Audio Vibe","og_description":"TOZO Anybuds Fits est\u00e1 impulsado por controladores din\u00e1micos de 13 mm, brindando graves potentes y medios fant\u00e1sticos para una calidad de sonido asombrosa, reproduciendo todos los detalles de diferentes ritmos y golpes en la m\u00fasica que m\u00e1s te gusta. Adem\u00e1s, es c\u00f3modo de llevar durante largos periodos de tiempo gracias a su dise\u00f1o ultraligero de [&hellip;]","og_url":"https:\/\/audiovibe.cl\/?product=anybuds-fits","og_site_name":"Audio Vibe","article_modified_time":"2025-06-26T02:12:55+00:00","og_image":[{"width":1080,"height":1080,"url":"http:\/\/audiovibe.cl\/wp-content\/uploads\/2023\/09\/Anybuds-Fits.png","type":"image\/png"}],"twitter_card":"summary_large_image","schema":{"@context":"https:\/\/schema.org","@graph":[{"@type":"WebPage","@id":"https:\/\/audiovibe.cl\/?product=anybuds-fits","url":"https:\/\/audiovibe.cl\/?product=anybuds-fits","name":"Tozo - Anybuds Fits - Audio Vibe","isPartOf":{"@id":"https:\/\/audiovibe.cl\/#website"},"primaryImageOfPage":{"@id":"https:\/\/audiovibe.cl\/?product=anybuds-fits#primaryimage"},"image":{"@id":"https:\/\/audiovibe.cl\/?product=anybuds-fits#primaryimage"},"thumbnailUrl":"https:\/\/i0.wp.com\/audiovibe.cl\/wp-content\/uploads\/2023\/09\/Anybuds-Fits.png?fit=1080%2C1080&ssl=1","datePublished":"2023-09-03T06:38:21+00:00","dateModified":"2025-06-26T02:12:55+00:00","breadcrumb":{"@id":"https:\/\/audiovibe.cl\/?product=anybuds-fits#breadcrumb"},"inLanguage":"es-CL","potentialAction":[{"@type":"ReadAction","target":["https:\/\/audiovibe.cl\/?product=anybuds-fits"]}]},{"@type":"ImageObject","inLanguage":"es-CL","@id":"https:\/\/audiovibe.cl\/?product=anybuds-fits#primaryimage","url":"https:\/\/i0.wp.com\/audiovibe.cl\/wp-content\/uploads\/2023\/09\/Anybuds-Fits.png?fit=1080%2C1080&ssl=1","contentUrl":"https:\/\/i0.wp.com\/audiovibe.cl\/wp-content\/uploads\/2023\/09\/Anybuds-Fits.png?fit=1080%2C1080&ssl=1","width":1080,"height":1080},{"@type":"BreadcrumbList","@id":"https:\/\/audiovibe.cl\/?product=anybuds-fits#breadcrumb","itemListElement":[{"@type":"ListItem","position":1,"name":"Portada","item":"https:\/\/audiovibe.cl\/"},{"@type":"ListItem","position":2,"name":"Tienda","item":"https:\/\/audiovibe.cl\/?page_id=6"},{"@type":"ListItem","position":3,"name":"Tozo &#8211; Anybuds Fits"}]},{"@type":"WebSite","@id":"https:\/\/audiovibe.cl\/#website","url":"https:\/\/audiovibe.cl\/","name":"Audio Vibe","description":"Tu tienda de aud\u00edfonos","publisher":{"@id":"https:\/\/audiovibe.cl\/#organization"},"potentialAction":[{"@type":"SearchAction","target":{"@type":"EntryPoint","urlTemplate":"https:\/\/audiovibe.cl\/?s={search_term_string}"},"query-input":{"@type":"PropertyValueSpecification","valueRequired":true,"valueName":"search_term_string"}}],"inLanguage":"es-CL"},{"@type":"Organization","@id":"https:\/\/audiovibe.cl\/#organization","name":"Audio Vibe SpA","url":"https:\/\/audiovibe.cl\/","logo":{"@type":"ImageObject","inLanguage":"es-CL","@id":"https:\/\/audiovibe.cl\/#\/schema\/logo\/image\/","url":"https:\/\/i0.wp.com\/audiovibe.cl\/wp-content\/uploads\/2023\/09\/Vibe-1.png?fit=149%2C64&ssl=1","contentUrl":"https:\/\/i0.wp.com\/audiovibe.cl\/wp-content\/uploads\/2023\/09\/Vibe-1.png?fit=149%2C64&ssl=1","width":149,"height":64,"caption":"Audio Vibe SpA"},"image":{"@id":"https:\/\/audiovibe.cl\/#\/schema\/logo\/image\/"},"sameAs":["http:\/\/instagram.com\/audiovibecl\/"]}]}},"jetpack_sharing_enabled":true,"_links":{"self":[{"href":"https:\/\/audiovibe.cl\/index.php?rest_route=\/wp\/v2\/product\/305","targetHints":{"allow":["GET"]}}],"collection":[{"href":"https:\/\/audiovibe.cl\/index.php?rest_route=\/wp\/v2\/product"}],"about":[{"href":"https:\/\/audiovibe.cl\/index.php?rest_route=\/wp\/v2\/types\/product"}],"replies":[{"embeddable":true,"href":"https:\/\/audiovibe.cl\/index.php?rest_route=%2Fwp%2Fv2%2Fcomments&post=305"}],"wp:featuredmedia":[{"embeddable":true,"href":"https:\/\/audiovibe.cl\/index.php?rest_route=\/wp\/v2\/media\/306"}],"wp:attachment":[{"href":"https:\/\/audiovibe.cl\/index.php?rest_route=%2Fwp%2Fv2%2Fmedia&parent=305"}],"wp:term":[{"taxonomy":"product_cat","embeddable":true,"href":"https:\/\/audiovibe.cl\/index.php?rest_route=%2Fwp%2Fv2%2Fproduct_cat&post=305"},{"taxonomy":"product_tag","embeddable":true,"href":"https:\/\/audiovibe.cl\/index.php?rest_route=%2Fwp%2Fv2%2Fproduct_tag&post=305"}],"curies":[{"name":"wp","href":"https:\/\/api.w.org\/{rel}","templated":true}]}}