{"id":286,"date":"2023-09-03T03:26:09","date_gmt":"2023-09-03T06:26:09","guid":{"rendered":"https:\/\/audiovibe.cl\/?post_type=product&#038;p=286"},"modified":"2025-06-25T22:08:41","modified_gmt":"2025-06-26T02:08:41","slug":"anybuds-pro","status":"publish","type":"product","link":"https:\/\/audiovibe.cl\/?product=anybuds-pro","title":{"rendered":"Tozo &#8211; Anybuds Pro"},"content":{"rendered":"<p>Cancelaci\u00f3n de Ruido H\u00edbrida ANC: La cancelaci\u00f3n activa de ruido h\u00edbrida bloquea din\u00e1micamente hasta un 99% (35 dB) de los ruidos no deseados de baja frecuencia externos. Al eliminar distracciones y permitir que la m\u00fasica tome el centro del escenario, Anybuds Pro enciende tu pasi\u00f3n por la m\u00fasica.<\/p>\n<p>Reducci\u00f3n de Ruido en Llamadas con Doble Micr\u00f3fono ENC: Con dos micr\u00f3fonos para capturar la voz con precisi\u00f3n y reducir en gran medida el ruido de fondo, tu voz ser\u00e1 cristalina para la persona al otro lado de la llamada.<\/p>\n<p>Ajuste C\u00f3modo y Seguro: Con tres juegos de almohadillas de silicona (S, M, L) para adaptarse a una amplia variedad de o\u00eddos y brindar comodidad durante todo el d\u00eda. Las almohadillas crean un sellado ac\u00fastico \u00f3ptimo para bloquear el ruido y mantener los auriculares seguros.<\/p>\n<p>Bluetooth 5.3: Con la \u00faltima tecnolog\u00eda Bluetooth 5.3, Anybuds Pro ofrece una calidad de sonido superior, fiabilidad de conexi\u00f3n, eficiencia energ\u00e9tica y experiencia del usuario.<\/p>\n<p>Larga Duraci\u00f3n de la Bater\u00eda y Carga R\u00e1pida: Cada auricular se puede usar de forma individual o juntos durante 8 horas de reproducci\u00f3n, y con la funda de carga, se extiende a un total de 25 horas de reproducci\u00f3n. Solo se necesitan menos de 90 minutos para cargar completamente la funda de la bater\u00eda con el cable de carga o el cargador inal\u00e1mbrico.<\/p>\n","protected":false},"excerpt":{"rendered":"<p>Cancelaci\u00f3n de Ruido H\u00edbrida ANC: La cancelaci\u00f3n activa de ruido h\u00edbrida bloquea din\u00e1micamente hasta un 99% (35 dB) de los ruidos no deseados de baja frecuencia externos. Al eliminar distracciones y permitir que la m\u00fasica tome el centro del escenario, Anybuds Pro enciende tu pasi\u00f3n por la m\u00fasica. Reducci\u00f3n de Ruido en Llamadas con Doble [&hellip;]<\/p>\n","protected":false},"featured_media":287,"comment_status":"open","ping_status":"closed","template":"","meta":[],"product_cat":[26],"product_tag":[],"class_list":{"0":"post-286","1":"product","2":"type-product","3":"status-publish","4":"has-post-thumbnail","6":"product_cat-in-ear-audifonos","7":"product_brand-tozo","9":"first","10":"instock","11":"shipping-taxable","12":"purchasable","13":"product-type-simple"},"yoast_head":"<!-- This site is optimized with the Yoast SEO plugin v23.9 - https:\/\/yoast.com\/wordpress\/plugins\/seo\/ -->\n<title>Tozo - Anybuds Pro - Audio Vibe<\/title>\n<meta name=\"robots\" content=\"index, follow, max-snippet:-1, max-image-preview:large, max-video-preview:-1\" \/>\n<link rel=\"canonical\" href=\"https:\/\/audiovibe.cl\/?product=anybuds-pro\" \/>\n<meta property=\"og:locale\" content=\"es_ES\" \/>\n<meta property=\"og:type\" content=\"article\" \/>\n<meta property=\"og:title\" content=\"Tozo - Anybuds Pro - Audio Vibe\" \/>\n<meta property=\"og:description\" content=\"Cancelaci\u00f3n de Ruido H\u00edbrida ANC: La cancelaci\u00f3n activa de ruido h\u00edbrida bloquea din\u00e1micamente hasta un 99% (35 dB) de los ruidos no deseados de baja frecuencia externos. Al eliminar distracciones y permitir que la m\u00fasica tome el centro del escenario, Anybuds Pro enciende tu pasi\u00f3n por la m\u00fasica. Reducci\u00f3n de Ruido en Llamadas con Doble [&hellip;]\" \/>\n<meta property=\"og:url\" content=\"https:\/\/audiovibe.cl\/?product=anybuds-pro\" \/>\n<meta property=\"og:site_name\" content=\"Audio Vibe\" \/>\n<meta property=\"article:modified_time\" content=\"2025-06-26T02:08:41+00:00\" \/>\n<meta property=\"og:image\" content=\"http:\/\/audiovibe.cl\/wp-content\/uploads\/2023\/09\/Anybuds-Pro.png\" \/>\n\t<meta property=\"og:image:width\" content=\"1080\" \/>\n\t<meta property=\"og:image:height\" content=\"1080\" \/>\n\t<meta property=\"og:image:type\" content=\"image\/png\" \/>\n<meta name=\"twitter:card\" content=\"summary_large_image\" \/>\n<meta name=\"twitter:label1\" content=\"Tiempo estimado de lectura\" \/>\n\t<meta name=\"twitter:data1\" content=\"2 minutos\" \/>\n<script type=\"application\/ld+json\" class=\"yoast-schema-graph\">{\"@context\":\"https:\/\/schema.org\",\"@graph\":[{\"@type\":\"WebPage\",\"@id\":\"https:\/\/audiovibe.cl\/?product=anybuds-pro\",\"url\":\"https:\/\/audiovibe.cl\/?product=anybuds-pro\",\"name\":\"Tozo - Anybuds Pro - Audio Vibe\",\"isPartOf\":{\"@id\":\"https:\/\/audiovibe.cl\/#website\"},\"primaryImageOfPage\":{\"@id\":\"https:\/\/audiovibe.cl\/?product=anybuds-pro#primaryimage\"},\"image\":{\"@id\":\"https:\/\/audiovibe.cl\/?product=anybuds-pro#primaryimage\"},\"thumbnailUrl\":\"https:\/\/i0.wp.com\/audiovibe.cl\/wp-content\/uploads\/2023\/09\/Anybuds-Pro.png?fit=1080%2C1080&ssl=1\",\"datePublished\":\"2023-09-03T06:26:09+00:00\",\"dateModified\":\"2025-06-26T02:08:41+00:00\",\"breadcrumb\":{\"@id\":\"https:\/\/audiovibe.cl\/?product=anybuds-pro#breadcrumb\"},\"inLanguage\":\"es-CL\",\"potentialAction\":[{\"@type\":\"ReadAction\",\"target\":[\"https:\/\/audiovibe.cl\/?product=anybuds-pro\"]}]},{\"@type\":\"ImageObject\",\"inLanguage\":\"es-CL\",\"@id\":\"https:\/\/audiovibe.cl\/?product=anybuds-pro#primaryimage\",\"url\":\"https:\/\/i0.wp.com\/audiovibe.cl\/wp-content\/uploads\/2023\/09\/Anybuds-Pro.png?fit=1080%2C1080&ssl=1\",\"contentUrl\":\"https:\/\/i0.wp.com\/audiovibe.cl\/wp-content\/uploads\/2023\/09\/Anybuds-Pro.png?fit=1080%2C1080&ssl=1\",\"width\":1080,\"height\":1080},{\"@type\":\"BreadcrumbList\",\"@id\":\"https:\/\/audiovibe.cl\/?product=anybuds-pro#breadcrumb\",\"itemListElement\":[{\"@type\":\"ListItem\",\"position\":1,\"name\":\"Portada\",\"item\":\"https:\/\/audiovibe.cl\/\"},{\"@type\":\"ListItem\",\"position\":2,\"name\":\"Tienda\",\"item\":\"https:\/\/audiovibe.cl\/?page_id=6\"},{\"@type\":\"ListItem\",\"position\":3,\"name\":\"Tozo &#8211; Anybuds Pro\"}]},{\"@type\":\"WebSite\",\"@id\":\"https:\/\/audiovibe.cl\/#website\",\"url\":\"https:\/\/audiovibe.cl\/\",\"name\":\"Audio Vibe\",\"description\":\"Tu tienda de aud\u00edfonos\",\"publisher\":{\"@id\":\"https:\/\/audiovibe.cl\/#organization\"},\"potentialAction\":[{\"@type\":\"SearchAction\",\"target\":{\"@type\":\"EntryPoint\",\"urlTemplate\":\"https:\/\/audiovibe.cl\/?s={search_term_string}\"},\"query-input\":{\"@type\":\"PropertyValueSpecification\",\"valueRequired\":true,\"valueName\":\"search_term_string\"}}],\"inLanguage\":\"es-CL\"},{\"@type\":\"Organization\",\"@id\":\"https:\/\/audiovibe.cl\/#organization\",\"name\":\"Audio Vibe SpA\",\"url\":\"https:\/\/audiovibe.cl\/\",\"logo\":{\"@type\":\"ImageObject\",\"inLanguage\":\"es-CL\",\"@id\":\"https:\/\/audiovibe.cl\/#\/schema\/logo\/image\/\",\"url\":\"https:\/\/i0.wp.com\/audiovibe.cl\/wp-content\/uploads\/2023\/09\/Vibe-1.png?fit=149%2C64&ssl=1\",\"contentUrl\":\"https:\/\/i0.wp.com\/audiovibe.cl\/wp-content\/uploads\/2023\/09\/Vibe-1.png?fit=149%2C64&ssl=1\",\"width\":149,\"height\":64,\"caption\":\"Audio Vibe SpA\"},\"image\":{\"@id\":\"https:\/\/audiovibe.cl\/#\/schema\/logo\/image\/\"},\"sameAs\":[\"http:\/\/instagram.com\/audiovibecl\/\"]}]}<\/script>\n<!-- \/ Yoast SEO plugin. -->","yoast_head_json":{"title":"Tozo - Anybuds Pro - Audio Vibe","robots":{"index":"index","follow":"follow","max-snippet":"max-snippet:-1","max-image-preview":"max-image-preview:large","max-video-preview":"max-video-preview:-1"},"canonical":"https:\/\/audiovibe.cl\/?product=anybuds-pro","og_locale":"es_ES","og_type":"article","og_title":"Tozo - Anybuds Pro - Audio Vibe","og_description":"Cancelaci\u00f3n de Ruido H\u00edbrida ANC: La cancelaci\u00f3n activa de ruido h\u00edbrida bloquea din\u00e1micamente hasta un 99% (35 dB) de los ruidos no deseados de baja frecuencia externos. Al eliminar distracciones y permitir que la m\u00fasica tome el centro del escenario, Anybuds Pro enciende tu pasi\u00f3n por la m\u00fasica. Reducci\u00f3n de Ruido en Llamadas con Doble [&hellip;]","og_url":"https:\/\/audiovibe.cl\/?product=anybuds-pro","og_site_name":"Audio Vibe","article_modified_time":"2025-06-26T02:08:41+00:00","og_image":[{"width":1080,"height":1080,"url":"http:\/\/audiovibe.cl\/wp-content\/uploads\/2023\/09\/Anybuds-Pro.png","type":"image\/png"}],"twitter_card":"summary_large_image","twitter_misc":{"Tiempo estimado de lectura":"2 minutos"},"schema":{"@context":"https:\/\/schema.org","@graph":[{"@type":"WebPage","@id":"https:\/\/audiovibe.cl\/?product=anybuds-pro","url":"https:\/\/audiovibe.cl\/?product=anybuds-pro","name":"Tozo - Anybuds Pro - Audio Vibe","isPartOf":{"@id":"https:\/\/audiovibe.cl\/#website"},"primaryImageOfPage":{"@id":"https:\/\/audiovibe.cl\/?product=anybuds-pro#primaryimage"},"image":{"@id":"https:\/\/audiovibe.cl\/?product=anybuds-pro#primaryimage"},"thumbnailUrl":"https:\/\/i0.wp.com\/audiovibe.cl\/wp-content\/uploads\/2023\/09\/Anybuds-Pro.png?fit=1080%2C1080&ssl=1","datePublished":"2023-09-03T06:26:09+00:00","dateModified":"2025-06-26T02:08:41+00:00","breadcrumb":{"@id":"https:\/\/audiovibe.cl\/?product=anybuds-pro#breadcrumb"},"inLanguage":"es-CL","potentialAction":[{"@type":"ReadAction","target":["https:\/\/audiovibe.cl\/?product=anybuds-pro"]}]},{"@type":"ImageObject","inLanguage":"es-CL","@id":"https:\/\/audiovibe.cl\/?product=anybuds-pro#primaryimage","url":"https:\/\/i0.wp.com\/audiovibe.cl\/wp-content\/uploads\/2023\/09\/Anybuds-Pro.png?fit=1080%2C1080&ssl=1","contentUrl":"https:\/\/i0.wp.com\/audiovibe.cl\/wp-content\/uploads\/2023\/09\/Anybuds-Pro.png?fit=1080%2C1080&ssl=1","width":1080,"height":1080},{"@type":"BreadcrumbList","@id":"https:\/\/audiovibe.cl\/?product=anybuds-pro#breadcrumb","itemListElement":[{"@type":"ListItem","position":1,"name":"Portada","item":"https:\/\/audiovibe.cl\/"},{"@type":"ListItem","position":2,"name":"Tienda","item":"https:\/\/audiovibe.cl\/?page_id=6"},{"@type":"ListItem","position":3,"name":"Tozo &#8211; Anybuds Pro"}]},{"@type":"WebSite","@id":"https:\/\/audiovibe.cl\/#website","url":"https:\/\/audiovibe.cl\/","name":"Audio Vibe","description":"Tu tienda de aud\u00edfonos","publisher":{"@id":"https:\/\/audiovibe.cl\/#organization"},"potentialAction":[{"@type":"SearchAction","target":{"@type":"EntryPoint","urlTemplate":"https:\/\/audiovibe.cl\/?s={search_term_string}"},"query-input":{"@type":"PropertyValueSpecification","valueRequired":true,"valueName":"search_term_string"}}],"inLanguage":"es-CL"},{"@type":"Organization","@id":"https:\/\/audiovibe.cl\/#organization","name":"Audio Vibe SpA","url":"https:\/\/audiovibe.cl\/","logo":{"@type":"ImageObject","inLanguage":"es-CL","@id":"https:\/\/audiovibe.cl\/#\/schema\/logo\/image\/","url":"https:\/\/i0.wp.com\/audiovibe.cl\/wp-content\/uploads\/2023\/09\/Vibe-1.png?fit=149%2C64&ssl=1","contentUrl":"https:\/\/i0.wp.com\/audiovibe.cl\/wp-content\/uploads\/2023\/09\/Vibe-1.png?fit=149%2C64&ssl=1","width":149,"height":64,"caption":"Audio Vibe SpA"},"image":{"@id":"https:\/\/audiovibe.cl\/#\/schema\/logo\/image\/"},"sameAs":["http:\/\/instagram.com\/audiovibecl\/"]}]}},"jetpack_sharing_enabled":true,"_links":{"self":[{"href":"https:\/\/audiovibe.cl\/index.php?rest_route=\/wp\/v2\/product\/286","targetHints":{"allow":["GET"]}}],"collection":[{"href":"https:\/\/audiovibe.cl\/index.php?rest_route=\/wp\/v2\/product"}],"about":[{"href":"https:\/\/audiovibe.cl\/index.php?rest_route=\/wp\/v2\/types\/product"}],"replies":[{"embeddable":true,"href":"https:\/\/audiovibe.cl\/index.php?rest_route=%2Fwp%2Fv2%2Fcomments&post=286"}],"wp:featuredmedia":[{"embeddable":true,"href":"https:\/\/audiovibe.cl\/index.php?rest_route=\/wp\/v2\/media\/287"}],"wp:attachment":[{"href":"https:\/\/audiovibe.cl\/index.php?rest_route=%2Fwp%2Fv2%2Fmedia&parent=286"}],"wp:term":[{"taxonomy":"product_cat","embeddable":true,"href":"https:\/\/audiovibe.cl\/index.php?rest_route=%2Fwp%2Fv2%2Fproduct_cat&post=286"},{"taxonomy":"product_tag","embeddable":true,"href":"https:\/\/audiovibe.cl\/index.php?rest_route=%2Fwp%2Fv2%2Fproduct_tag&post=286"}],"curies":[{"name":"wp","href":"https:\/\/api.w.org\/{rel}","templated":true}]}}