{"id":108,"date":"2023-08-20T05:38:45","date_gmt":"2023-08-20T09:38:45","guid":{"rendered":"http:\/\/audiovibe.cl\/?post_type=product&#038;p=108"},"modified":"2024-08-27T23:36:20","modified_gmt":"2024-08-28T03:36:20","slug":"engine-4","status":"publish","type":"product","link":"https:\/\/audiovibe.cl\/?product=engine-4","title":{"rendered":"SoundPEATS &#8211; Engine 4"},"content":{"rendered":"<h5><strong>Caracter\u00edsticas:<\/strong><\/h5>\n<p>&#8211; Hi-Res Audio &amp; LDAC<br \/>\n&#8211; Controles din\u00e1micos duales coaxiales (para una mejor calidad de sonido)<br \/>\n&#8211; Bluetooth 5.3<br \/>\n&#8211; Latencia baja de 70 ms<br \/>\n&#8211; Duraci\u00f3n hasta 43 horas entre estuche y aud\u00edfonos<br \/>\n&#8211; Conexi\u00f3n a 2 dispositivos a la vez (facilitando la transici\u00f3n entre ellos)<br \/>\n&#8211; Aplicaci\u00f3n SoundPEATS<br \/>\n&#8211; Dise\u00f1o compacto y moderno<br \/>\n&#8211; Control tactil<br \/>\n&#8211; Cargador tipo C<br \/>\n&#8211; Emparejamiento autom\u00e1tico de 1 solo paso<\/p>\n<h5><strong>\u00bfQu\u00e9 incluye?<\/strong><\/h5>\n<p>&#8211; 2 aud\u00edfonos<br \/>\n&#8211; Gomas de tama\u00f1os S\/M\/L<br \/>\n&#8211; Estuche de carga<br \/>\n&#8211; Cable de carga tipo C<br \/>\n&#8211; Manual de usuario<\/p>\n<h6><em>*Compatible con iPhone, Android y cualquier dispositivo que soporte conexi\u00f3n Bluetooth.<\/em><\/h6>\n","protected":false},"excerpt":{"rendered":"<p>Caracter\u00edsticas: &#8211; Hi-Res Audio &amp; LDAC &#8211; Controles din\u00e1micos duales coaxiales (para una mejor calidad de sonido) &#8211; Bluetooth 5.3 &#8211; Latencia baja de 70 ms &#8211; Duraci\u00f3n hasta 43 horas entre estuche y aud\u00edfonos &#8211; Conexi\u00f3n a 2 dispositivos a la vez (facilitando la transici\u00f3n entre ellos) &#8211; Aplicaci\u00f3n SoundPEATS &#8211; Dise\u00f1o compacto y [&hellip;]<\/p>\n","protected":false},"featured_media":164,"comment_status":"open","ping_status":"closed","template":"","meta":[],"product_cat":[26],"product_tag":[17,18,30,20,16,19],"class_list":{"0":"post-108","1":"product","2":"type-product","3":"status-publish","4":"has-post-thumbnail","6":"product_cat-in-ear-audifonos","7":"product_tag-audifonos","8":"product_tag-bluetooth","9":"product_tag-engine4","10":"product_tag-inalambricos","11":"product_tag-soundpeats","12":"product_tag-wireless","13":"product_brand-soundpeats","15":"first","16":"instock","17":"shipping-taxable","18":"purchasable","19":"product-type-simple"},"yoast_head":"<!-- This site is optimized with the Yoast SEO plugin v23.9 - https:\/\/yoast.com\/wordpress\/plugins\/seo\/ -->\n<title>SoundPEATS - Engine 4 - Audio Vibe<\/title>\n<meta name=\"robots\" content=\"index, follow, max-snippet:-1, max-image-preview:large, max-video-preview:-1\" \/>\n<link rel=\"canonical\" href=\"https:\/\/audiovibe.cl\/?product=engine-4\" \/>\n<meta property=\"og:locale\" content=\"es_ES\" \/>\n<meta property=\"og:type\" content=\"article\" \/>\n<meta property=\"og:title\" content=\"SoundPEATS - Engine 4 - Audio Vibe\" \/>\n<meta property=\"og:description\" content=\"Caracter\u00edsticas: &#8211; Hi-Res Audio &amp; LDAC &#8211; Controles din\u00e1micos duales coaxiales (para una mejor calidad de sonido) &#8211; Bluetooth 5.3 &#8211; Latencia baja de 70 ms &#8211; Duraci\u00f3n hasta 43 horas entre estuche y aud\u00edfonos &#8211; Conexi\u00f3n a 2 dispositivos a la vez (facilitando la transici\u00f3n entre ellos) &#8211; Aplicaci\u00f3n SoundPEATS &#8211; Dise\u00f1o compacto y [&hellip;]\" \/>\n<meta property=\"og:url\" content=\"https:\/\/audiovibe.cl\/?product=engine-4\" \/>\n<meta property=\"og:site_name\" content=\"Audio Vibe\" \/>\n<meta property=\"article:modified_time\" content=\"2024-08-28T03:36:20+00:00\" \/>\n<meta property=\"og:image\" content=\"http:\/\/audiovibe.cl\/wp-content\/uploads\/2023\/08\/Engine-4.png\" \/>\n\t<meta property=\"og:image:width\" content=\"1080\" \/>\n\t<meta property=\"og:image:height\" content=\"1080\" \/>\n\t<meta property=\"og:image:type\" content=\"image\/png\" \/>\n<meta name=\"twitter:card\" content=\"summary_large_image\" \/>\n<meta name=\"twitter:label1\" content=\"Tiempo estimado de lectura\" \/>\n\t<meta name=\"twitter:data1\" content=\"1 minuto\" \/>\n<script type=\"application\/ld+json\" class=\"yoast-schema-graph\">{\"@context\":\"https:\/\/schema.org\",\"@graph\":[{\"@type\":\"WebPage\",\"@id\":\"https:\/\/audiovibe.cl\/?product=engine-4\",\"url\":\"https:\/\/audiovibe.cl\/?product=engine-4\",\"name\":\"SoundPEATS - Engine 4 - Audio Vibe\",\"isPartOf\":{\"@id\":\"https:\/\/audiovibe.cl\/#website\"},\"primaryImageOfPage\":{\"@id\":\"https:\/\/audiovibe.cl\/?product=engine-4#primaryimage\"},\"image\":{\"@id\":\"https:\/\/audiovibe.cl\/?product=engine-4#primaryimage\"},\"thumbnailUrl\":\"https:\/\/i0.wp.com\/audiovibe.cl\/wp-content\/uploads\/2023\/08\/Engine-4.png?fit=1080%2C1080&ssl=1\",\"datePublished\":\"2023-08-20T09:38:45+00:00\",\"dateModified\":\"2024-08-28T03:36:20+00:00\",\"breadcrumb\":{\"@id\":\"https:\/\/audiovibe.cl\/?product=engine-4#breadcrumb\"},\"inLanguage\":\"es-CL\",\"potentialAction\":[{\"@type\":\"ReadAction\",\"target\":[\"https:\/\/audiovibe.cl\/?product=engine-4\"]}]},{\"@type\":\"ImageObject\",\"inLanguage\":\"es-CL\",\"@id\":\"https:\/\/audiovibe.cl\/?product=engine-4#primaryimage\",\"url\":\"https:\/\/i0.wp.com\/audiovibe.cl\/wp-content\/uploads\/2023\/08\/Engine-4.png?fit=1080%2C1080&ssl=1\",\"contentUrl\":\"https:\/\/i0.wp.com\/audiovibe.cl\/wp-content\/uploads\/2023\/08\/Engine-4.png?fit=1080%2C1080&ssl=1\",\"width\":1080,\"height\":1080},{\"@type\":\"BreadcrumbList\",\"@id\":\"https:\/\/audiovibe.cl\/?product=engine-4#breadcrumb\",\"itemListElement\":[{\"@type\":\"ListItem\",\"position\":1,\"name\":\"Portada\",\"item\":\"https:\/\/audiovibe.cl\/\"},{\"@type\":\"ListItem\",\"position\":2,\"name\":\"Tienda\",\"item\":\"https:\/\/audiovibe.cl\/?page_id=6\"},{\"@type\":\"ListItem\",\"position\":3,\"name\":\"SoundPEATS &#8211; Engine 4\"}]},{\"@type\":\"WebSite\",\"@id\":\"https:\/\/audiovibe.cl\/#website\",\"url\":\"https:\/\/audiovibe.cl\/\",\"name\":\"Audio Vibe\",\"description\":\"Tu tienda de aud\u00edfonos\",\"publisher\":{\"@id\":\"https:\/\/audiovibe.cl\/#organization\"},\"potentialAction\":[{\"@type\":\"SearchAction\",\"target\":{\"@type\":\"EntryPoint\",\"urlTemplate\":\"https:\/\/audiovibe.cl\/?s={search_term_string}\"},\"query-input\":{\"@type\":\"PropertyValueSpecification\",\"valueRequired\":true,\"valueName\":\"search_term_string\"}}],\"inLanguage\":\"es-CL\"},{\"@type\":\"Organization\",\"@id\":\"https:\/\/audiovibe.cl\/#organization\",\"name\":\"Audio Vibe SpA\",\"url\":\"https:\/\/audiovibe.cl\/\",\"logo\":{\"@type\":\"ImageObject\",\"inLanguage\":\"es-CL\",\"@id\":\"https:\/\/audiovibe.cl\/#\/schema\/logo\/image\/\",\"url\":\"https:\/\/i0.wp.com\/audiovibe.cl\/wp-content\/uploads\/2023\/09\/Vibe-1.png?fit=149%2C64&ssl=1\",\"contentUrl\":\"https:\/\/i0.wp.com\/audiovibe.cl\/wp-content\/uploads\/2023\/09\/Vibe-1.png?fit=149%2C64&ssl=1\",\"width\":149,\"height\":64,\"caption\":\"Audio Vibe SpA\"},\"image\":{\"@id\":\"https:\/\/audiovibe.cl\/#\/schema\/logo\/image\/\"},\"sameAs\":[\"http:\/\/instagram.com\/audiovibecl\/\"]}]}<\/script>\n<!-- \/ Yoast SEO plugin. -->","yoast_head_json":{"title":"SoundPEATS - Engine 4 - Audio Vibe","robots":{"index":"index","follow":"follow","max-snippet":"max-snippet:-1","max-image-preview":"max-image-preview:large","max-video-preview":"max-video-preview:-1"},"canonical":"https:\/\/audiovibe.cl\/?product=engine-4","og_locale":"es_ES","og_type":"article","og_title":"SoundPEATS - Engine 4 - Audio Vibe","og_description":"Caracter\u00edsticas: &#8211; Hi-Res Audio &amp; LDAC &#8211; Controles din\u00e1micos duales coaxiales (para una mejor calidad de sonido) &#8211; Bluetooth 5.3 &#8211; Latencia baja de 70 ms &#8211; Duraci\u00f3n hasta 43 horas entre estuche y aud\u00edfonos &#8211; Conexi\u00f3n a 2 dispositivos a la vez (facilitando la transici\u00f3n entre ellos) &#8211; Aplicaci\u00f3n SoundPEATS &#8211; Dise\u00f1o compacto y [&hellip;]","og_url":"https:\/\/audiovibe.cl\/?product=engine-4","og_site_name":"Audio Vibe","article_modified_time":"2024-08-28T03:36:20+00:00","og_image":[{"width":1080,"height":1080,"url":"http:\/\/audiovibe.cl\/wp-content\/uploads\/2023\/08\/Engine-4.png","type":"image\/png"}],"twitter_card":"summary_large_image","twitter_misc":{"Tiempo estimado de lectura":"1 minuto"},"schema":{"@context":"https:\/\/schema.org","@graph":[{"@type":"WebPage","@id":"https:\/\/audiovibe.cl\/?product=engine-4","url":"https:\/\/audiovibe.cl\/?product=engine-4","name":"SoundPEATS - Engine 4 - Audio Vibe","isPartOf":{"@id":"https:\/\/audiovibe.cl\/#website"},"primaryImageOfPage":{"@id":"https:\/\/audiovibe.cl\/?product=engine-4#primaryimage"},"image":{"@id":"https:\/\/audiovibe.cl\/?product=engine-4#primaryimage"},"thumbnailUrl":"https:\/\/i0.wp.com\/audiovibe.cl\/wp-content\/uploads\/2023\/08\/Engine-4.png?fit=1080%2C1080&ssl=1","datePublished":"2023-08-20T09:38:45+00:00","dateModified":"2024-08-28T03:36:20+00:00","breadcrumb":{"@id":"https:\/\/audiovibe.cl\/?product=engine-4#breadcrumb"},"inLanguage":"es-CL","potentialAction":[{"@type":"ReadAction","target":["https:\/\/audiovibe.cl\/?product=engine-4"]}]},{"@type":"ImageObject","inLanguage":"es-CL","@id":"https:\/\/audiovibe.cl\/?product=engine-4#primaryimage","url":"https:\/\/i0.wp.com\/audiovibe.cl\/wp-content\/uploads\/2023\/08\/Engine-4.png?fit=1080%2C1080&ssl=1","contentUrl":"https:\/\/i0.wp.com\/audiovibe.cl\/wp-content\/uploads\/2023\/08\/Engine-4.png?fit=1080%2C1080&ssl=1","width":1080,"height":1080},{"@type":"BreadcrumbList","@id":"https:\/\/audiovibe.cl\/?product=engine-4#breadcrumb","itemListElement":[{"@type":"ListItem","position":1,"name":"Portada","item":"https:\/\/audiovibe.cl\/"},{"@type":"ListItem","position":2,"name":"Tienda","item":"https:\/\/audiovibe.cl\/?page_id=6"},{"@type":"ListItem","position":3,"name":"SoundPEATS &#8211; Engine 4"}]},{"@type":"WebSite","@id":"https:\/\/audiovibe.cl\/#website","url":"https:\/\/audiovibe.cl\/","name":"Audio Vibe","description":"Tu tienda de aud\u00edfonos","publisher":{"@id":"https:\/\/audiovibe.cl\/#organization"},"potentialAction":[{"@type":"SearchAction","target":{"@type":"EntryPoint","urlTemplate":"https:\/\/audiovibe.cl\/?s={search_term_string}"},"query-input":{"@type":"PropertyValueSpecification","valueRequired":true,"valueName":"search_term_string"}}],"inLanguage":"es-CL"},{"@type":"Organization","@id":"https:\/\/audiovibe.cl\/#organization","name":"Audio Vibe SpA","url":"https:\/\/audiovibe.cl\/","logo":{"@type":"ImageObject","inLanguage":"es-CL","@id":"https:\/\/audiovibe.cl\/#\/schema\/logo\/image\/","url":"https:\/\/i0.wp.com\/audiovibe.cl\/wp-content\/uploads\/2023\/09\/Vibe-1.png?fit=149%2C64&ssl=1","contentUrl":"https:\/\/i0.wp.com\/audiovibe.cl\/wp-content\/uploads\/2023\/09\/Vibe-1.png?fit=149%2C64&ssl=1","width":149,"height":64,"caption":"Audio Vibe SpA"},"image":{"@id":"https:\/\/audiovibe.cl\/#\/schema\/logo\/image\/"},"sameAs":["http:\/\/instagram.com\/audiovibecl\/"]}]}},"jetpack_sharing_enabled":true,"_links":{"self":[{"href":"https:\/\/audiovibe.cl\/index.php?rest_route=\/wp\/v2\/product\/108","targetHints":{"allow":["GET"]}}],"collection":[{"href":"https:\/\/audiovibe.cl\/index.php?rest_route=\/wp\/v2\/product"}],"about":[{"href":"https:\/\/audiovibe.cl\/index.php?rest_route=\/wp\/v2\/types\/product"}],"replies":[{"embeddable":true,"href":"https:\/\/audiovibe.cl\/index.php?rest_route=%2Fwp%2Fv2%2Fcomments&post=108"}],"wp:featuredmedia":[{"embeddable":true,"href":"https:\/\/audiovibe.cl\/index.php?rest_route=\/wp\/v2\/media\/164"}],"wp:attachment":[{"href":"https:\/\/audiovibe.cl\/index.php?rest_route=%2Fwp%2Fv2%2Fmedia&parent=108"}],"wp:term":[{"taxonomy":"product_cat","embeddable":true,"href":"https:\/\/audiovibe.cl\/index.php?rest_route=%2Fwp%2Fv2%2Fproduct_cat&post=108"},{"taxonomy":"product_tag","embeddable":true,"href":"https:\/\/audiovibe.cl\/index.php?rest_route=%2Fwp%2Fv2%2Fproduct_tag&post=108"}],"curies":[{"name":"wp","href":"https:\/\/api.w.org\/{rel}","templated":true}]}}